{"id":28586,"date":"2020-03-31T10:28:00","date_gmt":"2020-06-09T17:07:04","guid":{"rendered":"https:\/\/educatennis.com\/product\/configuracion-de-las-bases-del-tennis-suscripcion-de-10-meses-u6-u8-y-u10\/"},"modified":"2020-08-16T20:29:18","modified_gmt":"2020-08-16T18:29:18","slug":"configuracion-de-las-bases-del-tennis-suscripcion-de-10-meses-u6-u8-y-u10","status":"publish","type":"product","link":"https:\/\/educatennis.com\/rafanadalacademycamps\/producto\/configuracion-de-las-bases-del-tennis-suscripcion-de-10-meses-u6-u8-y-u10\/","title":{"rendered":"CONFIGURACI\u00d3N DE LAS BASES DEL TENIS (Suscripci\u00f3n de 10 meses U6, U8 y U10)"},"content":{"rendered":"<p>[vc_row][vc_column]<div id=\"highlight-box-wrap-9595\"  data-ultimate-target='#highlight-box-wrap-9595'  data-responsive-json-new='{\"font-size\":\"desktop:32px;\",\"line-height\":\"\"}'  class=\"ultimate-call-to-action ult-adjust-bottom-margin  ctaction-text-center ult-responsive\" style=\"font-family:Roboto;font-weight:bold;color:#ffffff;background:#e3f501;padding-top:20px;padding-bottom:20px;\"  data-background=\"#e3f501\"  data-background-hover=\"#ecece8\"  data-override=\"0\" ><div class=\"uvc-ctaction-data uvc-ctaction-data-no-effect ult-responsive\"><\/p>\n<h3 style=\"text-align: center;\"><span class=\"tlid-translation translation\" lang=\"es\"><span class=\"\" title=\"\">El instrumento definitivo para llevar a cabo programas de tennis exitosos. Hecho por Educatennis, para apoyar a los entrenadores.<br \/>\n<\/span><\/span><\/h3>\n<p><\/div><\/div>[\/vc_column][\/vc_row][vc_row][vc_column][vc_empty_space][\/vc_column][\/vc_row][vc_row][vc_column width=\u00bb1\/2&#8243;][vc_column_text]<\/p>\n<h3><b>Objetivos del Curso:<\/b><\/h3>\n<hr \/>\n<p>Educatennis ha recopilado el conocimiento del tenis espa\u00f1ol y lo pone al alcance de tu mano con esta herramienta de trabajo.<\/p>\n<p>El objetivo principal de este programa es introducir a los jugadores en el juego de una manera divertida para desarrollar la pasi\u00f3n por el deporte y establecer los fundamentos para el \u00e9xito futuro en el tenis de alto rendimiento.<\/p>\n<p>En esta etapa el jugador aprende y descubre, nos centramos en el desarrollo de habilidades y la coordinaci\u00f3n del tenis mientras juega y se divierte<\/p>\n<p>Los jugadores pasar\u00e1n de la bola roja a la bola amarilla y de la mini cancha de tenis a la l\u00ednea de fondo.<\/p>\n<p>El m\u00e9todo se centra en una ense\u00f1anza de tenis adaptada, trabajando en el desarrollo general de habilidades motoras orientadas al tenis mientras el jugador adquiere habilidades con la raqueta y control de la pelota y al mismo tiempo que se familiariza con las dimensiones de la pista.<\/p>\n<p>El contenido a desarrollar se dividir\u00e1 en 4 bloques:<\/p>\n<ul>\n<li>Habilidad general de coordinaci\u00f3n motora orientada al tenis.<\/li>\n<li>Habilidades de tenis : Habilidades de coordinaci\u00f3n &#8211; t\u00e9cnica con la raqueta con el objetivo de controlar la pelota.<\/li>\n<li>Conceptos b\u00e1sicos de introducci\u00f3n a la estrategia de tenis.<\/li>\n<li>Introducci\u00f3n b\u00e1sica a \u00abAprender a competir\u00bb.<\/li>\n<\/ul>\n<p>[\/vc_column_text][\/vc_column][vc_column width=\u00bb1\/4&#8243;][vc_column_text]<\/p>\n<h3><b>Quick wins:<\/b><\/h3>\n<hr \/>\n<ul>\n<li>Convi\u00e9rtete en un entrenador de referencia en el desarrollo juvenil. Le proporcionamos contenido de calidad y relevante adaptado a las necesidades del jugador a edades temprana.<\/li>\n<li>Te ayudar\u00e1 a introducir contenidos de manera ordenada respetando los tempos de aprendizaje de los jugadores, promoviendo la confianza haci\u00e9ndoles sentirse competentes.<\/li>\n<li>Contenido organizado y f\u00e1cil de usar. Evite largas horas de trabajo de preparaci\u00f3n e investigaci\u00f3n.<\/li>\n<li>Actividades divertidas y l\u00fadicas que promueven la pr\u00e1ctica del deporte.<\/li>\n<li>Contenido f\u00e1cil de compartir para dar a los entrenadores la posibilidad de conectar mejor con los jugadores.<\/li>\n<\/ul>\n<p>[\/vc_column_text][\/vc_column][vc_column width=\u00bb1\/4&#8243;][vc_column_text]<\/p>\n<h3><b>Qu\u00e9 incluye<\/b><\/h3>\n<hr \/>\n<ul>\n<li>Recomendaciones del material que se utilizar\u00e1 en cada etapa.<\/li>\n<li>Sugerencias sobre c\u00f3mo gestionar espacios y organizar a los jugadores en la pista trabajando en grupo.<\/li>\n<li>Contenido para trabajar por semana para cada etapa. Explicaci\u00f3n clara y detallada de los aspectos para trabajar con soporte de v\u00eddeo.<\/li>\n<li>Sesiones de trabajo semanales, ejercicios explicados en detalle a trav\u00e9s de descripciones o videos<\/li>\n<li>Opci\u00f3n De compartir contenido<\/li>\n<li>10 meses de contenido<\/li>\n<\/ul>\n<p>[\/vc_column_text][\/vc_column][\/vc_row][vc_row][vc_column][vc_empty_space][\/vc_column][\/vc_row][vc_row][vc_column][vc_cta h2=\u00bbDirigido a:\u00bb h2_font_container=\u00bbcolor:%23e3f501&#8243; h2_use_theme_fonts=\u00bbyes\u00bb h4_use_theme_fonts=\u00bbyes\u00bb txt_align=\u00bbcenter\u00bb style=\u00bbcustom\u00bb use_custom_fonts_h2=\u00bbtrue\u00bb use_custom_fonts_h4=\u00bbtrue\u00bb custom_background=\u00bb#808080&#8243; custom_text=\u00bb#ffffff\u00bb]Directores y coordinadores de programas de tenis y padres que buscan capacitar a sus jugadores con estructura y calidad para tener \u00e9xito introduciendo a los jugadores j\u00f3venes en el juego y estableciendo las bases para el desarrollo a largo plazo.[\/vc_cta][vc_empty_space][vc_separator][vc_empty_space][\/vc_column][\/vc_row][vc_row][vc_column][\/vc_column][\/vc_row][vc_row][vc_column width=\u00bb1\/6&#8243;][vc_icon icon_fontawesome=\u00bbfar fa-lightbulb\u00bb color=\u00bbcustom\u00bb custom_color=\u00bb#c4d600&#8243;][\/vc_column][vc_column width=\u00bb2\/3&#8243;][vc_column_text el_class=\u00bbcontainer\u00bb]<\/p>\n<h3 style=\"text-align: center;\">Lecciones del curso:<\/h3>\n<p>[\/vc_column_text][vc_empty_space][vc_separator color=\u00bbcustom\u00bb accent_color=\u00bb#c4d600&#8243;][\/vc_column][vc_column width=\u00bb1\/6&#8243;][\/vc_column][\/vc_row][vc_row full_width=\u00bbstretch_row\u00bb el_class=\u00bbcontainer\u00bb][vc_column][vc_empty_space][vc_column_text]<\/p>\n<h6><strong>Menores 6 a\u00f1os (Pelota Roja)<\/strong> &#8211; 10 meses de planificaci\u00f3n de sesiones. Introducci\u00f3n al tenis, adaptaci\u00f3n: cancha, raqueta y pelota roja. Edades recomendadas 5 y 6<\/h6>\n<h6><strong>Menores 8 a\u00f1os (Transici\u00f3n pelota Roja a Naranja)<\/strong> \u2013 Planificaci\u00f3n de sesiones de 10 meses.Transici\u00f3n de pelota Roja a pelota Naranja. Progreso del juego desde la l\u00ednea de servicio a 3\/4 de la cancha. Edades recomendadas 6 (jugadores de habilidades) y 7 a\u00f1os.<\/h6>\n<h6><strong>Menores 8 a\u00f1os (Transici\u00f3n pelota Naranja a Verde)<\/strong> &#8211; Planificaci\u00f3n de sesiones de 10 meses. Progresi\u00f3n de 3\/4 a la l\u00ednea base. Edades recomendadas 7 (avanzado) y 8 a\u00f1os.<\/h6>\n<h6><strong>Menores 10 a\u00f1os (Verde a Amarilla)<\/strong>&#8211; Planificaci\u00f3n de sesiones de 10 meses. Transici\u00f3n de la naranja a la bola amarilla. Recomendado para jugadores de 8 (avanzados) y 9 a\u00f1os.<\/h6>\n<h6><strong>Menores de 10 a\u00f1os (Amarilla)<\/strong>&#8211; Planificaci\u00f3n de sesiones de 10 meses. Habilidades de consolidaci\u00f3n. Edades recomendadas 9 y 10 a\u00f1os.<\/h6>\n<h5><a href=\"https:\/\/educatennis.com\/lesson\/under-6-rojo-1er-mes-raising-a-champion\/\">HAGA CLIC AQU\u00cd PARA CONSULTAR LAS LECCIONES DE FORMA GRATUITA<\/a><\/h5>\n<p>[\/vc_column_text][vc_empty_space][\/vc_column][\/vc_row]<\/p>\n","protected":false},"excerpt":{"rendered":"<p>La compra de este producto le da acceso a todos los contenidos de las diferentes edades indicadas de forma ilimitada para los suscriptores durante un a\u00f1o<\/p>\n","protected":false},"featured_media":16215,"comment_status":"open","ping_status":"closed","template":"","meta":[],"product_cat":[125,354],"product_tag":[213,205,866,201,223,356,357,355],"acf":[],"yoast_head":"<!-- This site is optimized with the Yoast SEO plugin v17.6 - https:\/\/yoast.com\/wordpress\/plugins\/seo\/ -->\n<title>CONFIGURACI\u00d3N DE LAS BASES DEL TENIS (Suscripci\u00f3n de 10 meses U6, U8 y U10) - Educatennis<\/title>\n<meta name=\"robots\" content=\"index, follow, max-snippet:-1, max-image-preview:large, max-video-preview:-1\" \/>\n<link rel=\"canonical\" href=\"https:\/\/educatennis.com\/rafanadalacademycamps\/producto\/configuracion-de-las-bases-del-tennis-suscripcion-de-10-meses-u6-u8-y-u10\/\" \/>\n<meta property=\"og:locale\" content=\"es_ES\" \/>\n<meta property=\"og:type\" content=\"article\" \/>\n<meta property=\"og:title\" content=\"CONFIGURACI\u00d3N DE LAS BASES DEL TENIS (Suscripci\u00f3n de 10 meses U6, U8 y U10) - Educatennis\" \/>\n<meta property=\"og:description\" content=\"La compra de este producto le da acceso a todos los contenidos de las diferentes edades indicadas de forma ilimitada para los suscriptores durante un a\u00f1o\" \/>\n<meta property=\"og:url\" content=\"https:\/\/educatennis.com\/rafanadalacademycamps\/producto\/configuracion-de-las-bases-del-tennis-suscripcion-de-10-meses-u6-u8-y-u10\/\" \/>\n<meta property=\"og:site_name\" content=\"Educatennis\" \/>\n<meta property=\"article:publisher\" content=\"https:\/\/www.facebook.com\/educatennis\" \/>\n<meta property=\"article:modified_time\" content=\"2020-08-16T18:29:18+00:00\" \/>\n<meta property=\"og:image\" content=\"https:\/\/educatennis.com\/rafanadalacademycamps\/wp-content\/uploads\/2020\/03\/Captura-de-Pantalla-2020-04-06-a-les-13.44.23-ok-1024x679.png\" \/>\n\t<meta property=\"og:image:width\" content=\"1024\" \/>\n\t<meta property=\"og:image:height\" content=\"679\" \/>\n<meta name=\"twitter:card\" content=\"summary_large_image\" \/>\n<meta name=\"twitter:label1\" content=\"Tiempo de lectura\" \/>\n\t<meta name=\"twitter:data1\" content=\"4 minutos\" \/>\n<script type=\"application\/ld+json\" class=\"yoast-schema-graph\">{\"@context\":\"https:\/\/schema.org\",\"@graph\":[{\"@type\":\"Organization\",\"@id\":\"https:\/\/educatennis.com\/rafanadalacademycamps\/en\/#organization\",\"name\":\"Educatennis\",\"url\":\"https:\/\/educatennis.com\/rafanadalacademycamps\/en\/\",\"sameAs\":[\"https:\/\/www.facebook.com\/educatennis\",\"https:\/\/www.instagram.com\/educatennis\",\"https:\/\/www.youtube.com\/channel\/UCMVUY-lze1xyVPmFZsbdvyw\"],\"logo\":{\"@type\":\"ImageObject\",\"@id\":\"https:\/\/educatennis.com\/rafanadalacademycamps\/en\/#logo\",\"inLanguage\":\"es\",\"url\":\"https:\/\/educatennis.com\/wp-content\/uploads\/2020\/05\/WPC_-Negativa-color-RGB-1.jpg\",\"contentUrl\":\"https:\/\/educatennis.com\/wp-content\/uploads\/2020\/05\/WPC_-Negativa-color-RGB-1.jpg\",\"width\":169,\"height\":60,\"caption\":\"Educatennis\"},\"image\":{\"@id\":\"https:\/\/educatennis.com\/rafanadalacademycamps\/en\/#logo\"}},{\"@type\":\"WebSite\",\"@id\":\"https:\/\/educatennis.com\/rafanadalacademycamps\/en\/#website\",\"url\":\"https:\/\/educatennis.com\/rafanadalacademycamps\/en\/\",\"name\":\"Educatennis\",\"description\":\"Educatennis\",\"publisher\":{\"@id\":\"https:\/\/educatennis.com\/rafanadalacademycamps\/en\/#organization\"},\"potentialAction\":[{\"@type\":\"SearchAction\",\"target\":{\"@type\":\"EntryPoint\",\"urlTemplate\":\"https:\/\/educatennis.com\/rafanadalacademycamps\/en\/?s={search_term_string}\"},\"query-input\":\"required name=search_term_string\"}],\"inLanguage\":\"es\"},{\"@type\":\"ImageObject\",\"@id\":\"https:\/\/educatennis.com\/rafanadalacademycamps\/producto\/configuracion-de-las-bases-del-tennis-suscripcion-de-10-meses-u6-u8-y-u10\/#primaryimage\",\"inLanguage\":\"es\",\"url\":\"https:\/\/educatennis.com\/rafanadalacademycamps\/wp-content\/uploads\/2020\/03\/Captura-de-Pantalla-2020-04-06-a-les-13.44.23-ok.png\",\"contentUrl\":\"https:\/\/educatennis.com\/rafanadalacademycamps\/wp-content\/uploads\/2020\/03\/Captura-de-Pantalla-2020-04-06-a-les-13.44.23-ok.png\",\"width\":1880,\"height\":1247},{\"@type\":\"WebPage\",\"@id\":\"https:\/\/educatennis.com\/rafanadalacademycamps\/producto\/configuracion-de-las-bases-del-tennis-suscripcion-de-10-meses-u6-u8-y-u10\/#webpage\",\"url\":\"https:\/\/educatennis.com\/rafanadalacademycamps\/producto\/configuracion-de-las-bases-del-tennis-suscripcion-de-10-meses-u6-u8-y-u10\/\",\"name\":\"CONFIGURACI\\u00d3N DE LAS BASES DEL TENIS (Suscripci\\u00f3n de 10 meses U6, U8 y U10) - Educatennis\",\"isPartOf\":{\"@id\":\"https:\/\/educatennis.com\/rafanadalacademycamps\/en\/#website\"},\"primaryImageOfPage\":{\"@id\":\"https:\/\/educatennis.com\/rafanadalacademycamps\/producto\/configuracion-de-las-bases-del-tennis-suscripcion-de-10-meses-u6-u8-y-u10\/#primaryimage\"},\"datePublished\":\"2020-06-09T17:07:04+00:00\",\"dateModified\":\"2020-08-16T18:29:18+00:00\",\"breadcrumb\":{\"@id\":\"https:\/\/educatennis.com\/rafanadalacademycamps\/producto\/configuracion-de-las-bases-del-tennis-suscripcion-de-10-meses-u6-u8-y-u10\/#breadcrumb\"},\"inLanguage\":\"es\",\"potentialAction\":[{\"@type\":\"ReadAction\",\"target\":[\"https:\/\/educatennis.com\/rafanadalacademycamps\/producto\/configuracion-de-las-bases-del-tennis-suscripcion-de-10-meses-u6-u8-y-u10\/\"]}]},{\"@type\":\"BreadcrumbList\",\"@id\":\"https:\/\/educatennis.com\/rafanadalacademycamps\/producto\/configuracion-de-las-bases-del-tennis-suscripcion-de-10-meses-u6-u8-y-u10\/#breadcrumb\",\"itemListElement\":[{\"@type\":\"ListItem\",\"position\":1,\"name\":\"Portada\",\"item\":\"https:\/\/educatennis.com\/rafanadalacademycamps\/\"},{\"@type\":\"ListItem\",\"position\":2,\"name\":\"Tienda\",\"item\":\"https:\/\/educatennis.com\/rafanadalacademycamps\/tienda\/\"},{\"@type\":\"ListItem\",\"position\":3,\"name\":\"CONFIGURACI\\u00d3N DE LAS BASES DEL TENIS (Suscripci\\u00f3n de 10 meses U6, U8 y U10)\"}]}]}<\/script>\n<!-- \/ Yoast SEO plugin. -->","yoast_head_json":{"title":"CONFIGURACI\u00d3N DE LAS BASES DEL TENIS (Suscripci\u00f3n de 10 meses U6, U8 y U10) - Educatennis","robots":{"index":"index","follow":"follow","max-snippet":"max-snippet:-1","max-image-preview":"max-image-preview:large","max-video-preview":"max-video-preview:-1"},"canonical":"https:\/\/educatennis.com\/rafanadalacademycamps\/producto\/configuracion-de-las-bases-del-tennis-suscripcion-de-10-meses-u6-u8-y-u10\/","og_locale":"es_ES","og_type":"article","og_title":"CONFIGURACI\u00d3N DE LAS BASES DEL TENIS (Suscripci\u00f3n de 10 meses U6, U8 y U10) - Educatennis","og_description":"La compra de este producto le da acceso a todos los contenidos de las diferentes edades indicadas de forma ilimitada para los suscriptores durante un a\u00f1o","og_url":"https:\/\/educatennis.com\/rafanadalacademycamps\/producto\/configuracion-de-las-bases-del-tennis-suscripcion-de-10-meses-u6-u8-y-u10\/","og_site_name":"Educatennis","article_publisher":"https:\/\/www.facebook.com\/educatennis","article_modified_time":"2020-08-16T18:29:18+00:00","og_image":[{"width":1024,"height":679,"url":"https:\/\/educatennis.com\/rafanadalacademycamps\/wp-content\/uploads\/2020\/03\/Captura-de-Pantalla-2020-04-06-a-les-13.44.23-ok-1024x679.png","type":"image\/png"}],"twitter_card":"summary_large_image","twitter_misc":{"Tiempo de lectura":"4 minutos"},"schema":{"@context":"https:\/\/schema.org","@graph":[{"@type":"Organization","@id":"https:\/\/educatennis.com\/rafanadalacademycamps\/en\/#organization","name":"Educatennis","url":"https:\/\/educatennis.com\/rafanadalacademycamps\/en\/","sameAs":["https:\/\/www.facebook.com\/educatennis","https:\/\/www.instagram.com\/educatennis","https:\/\/www.youtube.com\/channel\/UCMVUY-lze1xyVPmFZsbdvyw"],"logo":{"@type":"ImageObject","@id":"https:\/\/educatennis.com\/rafanadalacademycamps\/en\/#logo","inLanguage":"es","url":"https:\/\/educatennis.com\/wp-content\/uploads\/2020\/05\/WPC_-Negativa-color-RGB-1.jpg","contentUrl":"https:\/\/educatennis.com\/wp-content\/uploads\/2020\/05\/WPC_-Negativa-color-RGB-1.jpg","width":169,"height":60,"caption":"Educatennis"},"image":{"@id":"https:\/\/educatennis.com\/rafanadalacademycamps\/en\/#logo"}},{"@type":"WebSite","@id":"https:\/\/educatennis.com\/rafanadalacademycamps\/en\/#website","url":"https:\/\/educatennis.com\/rafanadalacademycamps\/en\/","name":"Educatennis","description":"Educatennis","publisher":{"@id":"https:\/\/educatennis.com\/rafanadalacademycamps\/en\/#organization"},"potentialAction":[{"@type":"SearchAction","target":{"@type":"EntryPoint","urlTemplate":"https:\/\/educatennis.com\/rafanadalacademycamps\/en\/?s={search_term_string}"},"query-input":"required name=search_term_string"}],"inLanguage":"es"},{"@type":"ImageObject","@id":"https:\/\/educatennis.com\/rafanadalacademycamps\/producto\/configuracion-de-las-bases-del-tennis-suscripcion-de-10-meses-u6-u8-y-u10\/#primaryimage","inLanguage":"es","url":"https:\/\/educatennis.com\/rafanadalacademycamps\/wp-content\/uploads\/2020\/03\/Captura-de-Pantalla-2020-04-06-a-les-13.44.23-ok.png","contentUrl":"https:\/\/educatennis.com\/rafanadalacademycamps\/wp-content\/uploads\/2020\/03\/Captura-de-Pantalla-2020-04-06-a-les-13.44.23-ok.png","width":1880,"height":1247},{"@type":"WebPage","@id":"https:\/\/educatennis.com\/rafanadalacademycamps\/producto\/configuracion-de-las-bases-del-tennis-suscripcion-de-10-meses-u6-u8-y-u10\/#webpage","url":"https:\/\/educatennis.com\/rafanadalacademycamps\/producto\/configuracion-de-las-bases-del-tennis-suscripcion-de-10-meses-u6-u8-y-u10\/","name":"CONFIGURACI\u00d3N DE LAS BASES DEL TENIS (Suscripci\u00f3n de 10 meses U6, U8 y U10) - Educatennis","isPartOf":{"@id":"https:\/\/educatennis.com\/rafanadalacademycamps\/en\/#website"},"primaryImageOfPage":{"@id":"https:\/\/educatennis.com\/rafanadalacademycamps\/producto\/configuracion-de-las-bases-del-tennis-suscripcion-de-10-meses-u6-u8-y-u10\/#primaryimage"},"datePublished":"2020-06-09T17:07:04+00:00","dateModified":"2020-08-16T18:29:18+00:00","breadcrumb":{"@id":"https:\/\/educatennis.com\/rafanadalacademycamps\/producto\/configuracion-de-las-bases-del-tennis-suscripcion-de-10-meses-u6-u8-y-u10\/#breadcrumb"},"inLanguage":"es","potentialAction":[{"@type":"ReadAction","target":["https:\/\/educatennis.com\/rafanadalacademycamps\/producto\/configuracion-de-las-bases-del-tennis-suscripcion-de-10-meses-u6-u8-y-u10\/"]}]},{"@type":"BreadcrumbList","@id":"https:\/\/educatennis.com\/rafanadalacademycamps\/producto\/configuracion-de-las-bases-del-tennis-suscripcion-de-10-meses-u6-u8-y-u10\/#breadcrumb","itemListElement":[{"@type":"ListItem","position":1,"name":"Portada","item":"https:\/\/educatennis.com\/rafanadalacademycamps\/"},{"@type":"ListItem","position":2,"name":"Tienda","item":"https:\/\/educatennis.com\/rafanadalacademycamps\/tienda\/"},{"@type":"ListItem","position":3,"name":"CONFIGURACI\u00d3N DE LAS BASES DEL TENIS (Suscripci\u00f3n de 10 meses U6, U8 y U10)"}]}]}},"_links":{"self":[{"href":"https:\/\/educatennis.com\/rafanadalacademycamps\/wp-json\/wp\/v2\/product\/28586"}],"collection":[{"href":"https:\/\/educatennis.com\/rafanadalacademycamps\/wp-json\/wp\/v2\/product"}],"about":[{"href":"https:\/\/educatennis.com\/rafanadalacademycamps\/wp-json\/wp\/v2\/types\/product"}],"replies":[{"embeddable":true,"href":"https:\/\/educatennis.com\/rafanadalacademycamps\/wp-json\/wp\/v2\/comments?post=28586"}],"wp:featuredmedia":[{"embeddable":true,"href":"https:\/\/educatennis.com\/rafanadalacademycamps\/wp-json\/wp\/v2\/media\/16215"}],"wp:attachment":[{"href":"https:\/\/educatennis.com\/rafanadalacademycamps\/wp-json\/wp\/v2\/media?parent=28586"}],"wp:term":[{"taxonomy":"product_cat","embeddable":true,"href":"https:\/\/educatennis.com\/rafanadalacademycamps\/wp-json\/wp\/v2\/product_cat?post=28586"},{"taxonomy":"product_tag","embeddable":true,"href":"https:\/\/educatennis.com\/rafanadalacademycamps\/wp-json\/wp\/v2\/product_tag?post=28586"}],"curies":[{"name":"wp","href":"https:\/\/api.w.org\/{rel}","templated":true}]}}