{"id":28585,"date":"2020-03-31T10:46:01","date_gmt":"2020-06-09T17:00:19","guid":{"rendered":"https:\/\/educatennis.com\/product\/perfeccionando-el-juego-suscripcion-de-10-meses-u10-u12-u14-u16-y-u18\/"},"modified":"2020-08-16T20:35:21","modified_gmt":"2020-08-16T18:35:21","slug":"perfeccionando-el-juego-suscripcion-de-10-meses-u10-u12-u14-u16-y-u18","status":"publish","type":"product","link":"https:\/\/educatennis.com\/rafanadalacademycamps\/producto\/perfeccionando-el-juego-suscripcion-de-10-meses-u10-u12-u14-u16-y-u18\/","title":{"rendered":"PERFECCIONANDO EL JUEGO  (Suscripci\u00f3n de 10 meses U10*, U12, U14, U16 y U18)"},"content":{"rendered":"<p>[vc_row][vc_column]<div id=\"highlight-box-wrap-5428\"  data-ultimate-target='#highlight-box-wrap-5428'  data-responsive-json-new='{\"font-size\":\"desktop:32px;\",\"line-height\":\"\"}'  class=\"ultimate-call-to-action ult-adjust-bottom-margin  ctaction-text-center ult-responsive\" style=\"font-family:Roboto;font-weight:bold;color:#ffffff;background:#e3f501;padding-top:20px;padding-bottom:20px;\"  data-background=\"#e3f501\"  data-background-hover=\"#ecece8\"  data-override=\"0\" ><div class=\"uvc-ctaction-data uvc-ctaction-data-no-effect ult-responsive\"><\/p>\n<h3 style=\"text-align: center;\"><span class=\"tlid-translation translation\" lang=\"es\"><span class=\"\" title=\"\">El instrumento definitivo para llevar a tu jugador<\/span><\/span><span class=\"tlid-translation translation\" lang=\"es\"><span class=\"\" title=\"\">al siguiente nivel. Hecho por Educatennis, para apoyar a los entrenadores.<br \/>\n<\/span><\/span><\/h3>\n<p><\/div><\/div>[\/vc_column][\/vc_row][vc_row][vc_column][vc_empty_space][\/vc_column][\/vc_row][vc_row][vc_column width=\u00bb1\/2&#8243;][vc_column_text]<\/p>\n<h3><b>Objetivos del Curso:<\/b><\/h3>\n<hr \/>\n<p>Educatennis ha recopilado el conocimiento del tenis espa\u00f1ol y lo pone al alcance de tu mano con esta herramienta de trabajo. En cada uno de los programas encontrar\u00e1s todo el contenido para trabajar d\u00eda a d\u00eda siguiendo nuestro completo m\u00e9todo de entrenamiento: combinando aspectos t\u00e9cnicos, t\u00e1cticos, mentales y f\u00edsicos. Aqu\u00ed hay un breve resumen de los objetivos de los programas<\/p>\n<p>El contenido est\u00e1 organizado seg\u00fan la edad y el nivel, desde los primeros pasos con la pelota amarilla a la edad de 10 a\u00f1os hasta la competici\u00f3n anticipada a la edad de 18 a\u00f1os.<\/p>\n<p>El objetivo principal de este programa es introducir y guiar a los jugadores a trav\u00e9s de la competici\u00f3n Desde entrar en la competici\u00f3n juvenil hasta el alto nivel de rendimiento, antes de pasar a torneos profesionales.<\/p>\n<p>Aqu\u00ed hay un breve resumen del contenido:<\/p>\n<ul>\n<li>U10 \u2013 Coordinaci\u00f3n espec\u00edfica del tenis; integrando la percepci\u00f3n de la pelota (lectura de trayectoria), ajuste del cuerpo a la pelota y mejora t\u00e9cnica de tiros planos de tenis desde la l\u00ednea de fondo.<\/li>\n<li>U12 \u2013 Inicio del entrenamiento t\u00e9cnico y t\u00e1ctico para singles y dobles. Mejora de los golpeos con efecto. Juego t\u00e1ctico de contenci\u00f3n e iniciaci\u00f3n en la preparaci\u00f3n de movimientos y ataques.<\/li>\n<li>U14 \u2013 Trabajo de mejora t\u00e9cnica: Consolidaci\u00f3n de golpes con topspin, aprendizaje de golpes especiales. Iniciaci\u00f3n a las t\u00e1cticas avanzar en el juego de individuales.<\/li>\n<li>U16 \u2013 Introducci\u00f3n al entrenamiento de alto rendimiento Consolidaci\u00f3n de la t\u00e9cnica del juego de pies Iniciaci\u00f3n del entrenamiento t\u00e1ctico de los inicios de jugadas servicios, devoluciones y siguientes golpeos. Consolidaci\u00f3n del juego t\u00e1ctico avanzado, contruyendo jugadas dentro de pista para atacar y transiciones a la red.<\/li>\n<li>U18 \u2013 Preparaci\u00f3n para la competici\u00f3n de alto rendimiento. Dominio del juego consistente desde el fondo impactando la pelota en la subida para quitar tiempo del oponente. Uso de diferentes tipos de ataque con buenos apoyos desde dentro de la pista y en transiciones a la red. Fortalecer un patr\u00f3n de juego y mejorar las jugadas que son m\u00e1s eficaces para cada jugador. Consolida los inicios de los puntos tanto en situaciones de ataque como de defensa.<\/li>\n<\/ul>\n<p>Todo nuestro conocimiento se explica en detalle de una manera f\u00e1cil y visual con v\u00eddeos e im\u00e1genes que le dan la oportunidad de compartirlo f\u00e1cilmente con sus jugadores. Adem\u00e1s todo esto acompa\u00f1ado de sesiones de entreno completas.[\/vc_column_text][\/vc_column][vc_column width=\u00bb1\/4&#8243;][vc_column_text]<\/p>\n<h3><b>Quick wins:<\/b><\/h3>\n<hr \/>\n<ul>\n<li>Convi\u00e9rtete en un entrenador de referencia. Le proporcionamos contenido de calidad y relevantes que garantiza la r\u00e1pida progresi\u00f3n de los jugadores.<\/li>\n<li>Le ayudar\u00e1 a introducir contenidos de manera ordenada respetando los tempos de aprendizaje, promueve la confianza de los jugadores haci\u00e9ndoles sentir competentes<\/li>\n<li>Contenido organizado y f\u00e1cil de usar. Evite largas horas de trabajo de preparaci\u00f3n e investigaci\u00f3n.<\/li>\n<li>Unificaci\u00f3n de criterios entre el personal t\u00e9cnico. Ayudar\u00e1 a su equipo a compartir un mensaje coherente y unificado a los jugadores.<\/li>\n<li>Actividades divertidas y l\u00fadicas que promueven la pr\u00e1ctica del deporte.<\/li>\n<li>Contenido f\u00e1cil de compartir dando a los entrenadores la posibilidad de conectarse mejor con los jugadores.<\/li>\n<\/ul>\n<p>[\/vc_column_text][\/vc_column][vc_column width=\u00bb1\/4&#8243;][vc_column_text]<\/p>\n<h3><b>Qu\u00e9 incluye<\/b><\/h3>\n<hr \/>\n<ul>\n<li>Recomendaciones del material que se utilizar\u00e1 en cada etapa.<\/li>\n<li>Sugerencias sobre c\u00f3mo gestionar espacios y organizar a los jugadores en la pista trabajando en grupo.<\/li>\n<li>Contenido para trabajar por semana para cada etapa. Explicaci\u00f3n clara y detallada de los aspectos para trabajar con soporte de v\u00eddeo.<\/li>\n<li>Sesiones de trabajo semanales, ejercicios explicados en detalle a trav\u00e9s de descripciones o videos<\/li>\n<li>Opci\u00f3n De compartir contenido<\/li>\n<li>10 meses de contenido<\/li>\n<\/ul>\n<p>[\/vc_column_text][\/vc_column][\/vc_row][vc_row][vc_column][vc_empty_space][\/vc_column][\/vc_row][vc_row][vc_column][vc_cta h2=\u00bbDirigido a:\u00bb h2_font_container=\u00bbcolor:%23e3f501&#8243; h2_use_theme_fonts=\u00bbyes\u00bb h4_use_theme_fonts=\u00bbyes\u00bb txt_align=\u00bbcenter\u00bb style=\u00bbcustom\u00bb use_custom_fonts_h2=\u00bbtrue\u00bb use_custom_fonts_h4=\u00bbtrue\u00bb custom_background=\u00bb#808080&#8243; custom_text=\u00bb#ffffff\u00bb]Clubes de tenis o academias, entrenadores de escuela primaria o secundaria que quieren profesionalizar su actividad. Organizar a su plantilla de entrenadores, unificar los criterios de ense\u00f1anza, ampliar el conocimiento de los entrenadores y mejorar el servicio al cliente mediante la planificaci\u00f3n de actividades de calidad adaptadas a la edad y el nivel y la conexi\u00f3n con el jugador.<\/p>\n<p>Para los coordinadores ambiciosos que quieren ver grandes mejoras en su programa de tenis, mejorar la satisfacci\u00f3n de los clientes y el rendimiento de los jugadores.[\/vc_cta][vc_empty_space][vc_separator][vc_empty_space][\/vc_column][\/vc_row][vc_row][vc_column][\/vc_column][\/vc_row][vc_row][vc_column width=\u00bb1\/6&#8243;][vc_icon icon_fontawesome=\u00bbfar fa-lightbulb\u00bb color=\u00bbcustom\u00bb custom_color=\u00bb#c4d600&#8243;][\/vc_column][vc_column width=\u00bb2\/3&#8243;][vc_column_text el_class=\u00bbcontainer\u00bb]<\/p>\n<h3 style=\"text-align: center;\">Lecciones del curso:<\/h3>\n<p>[\/vc_column_text][vc_empty_space][vc_separator color=\u00bbcustom\u00bb accent_color=\u00bb#c4d600&#8243;][\/vc_column][vc_column width=\u00bb1\/6&#8243;][\/vc_column][\/vc_row][vc_row el_class=\u00bbcontainer\u00bb][vc_column][vc_empty_space][vc_column_text]<\/p>\n<h6><strong>Menores de 10 a\u00f1os (Pelota amarilla);<\/strong> Planificaci\u00f3n de 10 meses.<\/h6>\n<h6><strong>Menores de 12 a\u00f1os;<\/strong> Planificaci\u00f3n de 10 meses.<\/h6>\n<h6><strong>Menores de 14 a\u00f1os;<\/strong> Planificaci\u00f3n de 10 meses.<\/h6>\n<h6><strong>Menores de 16 a\u00f1os<\/strong>; Planificaci\u00f3n de 10 meses.<\/h6>\n<h6><strong>Menores de 18 a\u00f1os<\/strong>; Planificaci\u00f3n de 10 meses.<\/h6>\n<h3><a href=\"https:\/\/educatennis.com\/lesson\/under-18-1er-mes-raising-a-champion\/\">Haga clic aqu\u00ed y consulte la lecci\u00f3n de forma gratuita<\/a><\/h3>\n<h5><span style=\"color: #c4d600;\">Temporada de 10 meses: Pa\u00edses del hemisferio norte, de septiembre a junio<\/span><\/h5>\n<h5><span style=\"color: #c4d600;\">Temporada de 10 meses: Pa\u00edses del hemisferio sur, de febrero a noviembre<\/span><\/h5>\n<p>[\/vc_column_text][vc_empty_space][\/vc_column][\/vc_row]<\/p>\n","protected":false},"excerpt":{"rendered":"<p>Programas de entreno por edad y niveles de jugadores de 10 a 18. Una herramienta pr\u00e1ctica y \u00fatil para llevar a la pista<\/p>\n","protected":false},"featured_media":16211,"comment_status":"open","ping_status":"closed","template":"","meta":[],"product_cat":[125,354],"product_tag":[213,205,866,201,223],"acf":[],"yoast_head":"<!-- This site is optimized with the Yoast SEO plugin v17.6 - https:\/\/yoast.com\/wordpress\/plugins\/seo\/ -->\n<title>PERFECCIONANDO EL JUEGO (Suscripci\u00f3n de 10 meses U10*, U12, U14, U16 y U18) - Educatennis<\/title>\n<meta name=\"robots\" content=\"index, follow, max-snippet:-1, max-image-preview:large, max-video-preview:-1\" \/>\n<link rel=\"canonical\" href=\"https:\/\/educatennis.com\/rafanadalacademycamps\/producto\/perfeccionando-el-juego-suscripcion-de-10-meses-u10-u12-u14-u16-y-u18\/\" \/>\n<meta property=\"og:locale\" content=\"es_ES\" \/>\n<meta property=\"og:type\" content=\"article\" \/>\n<meta property=\"og:title\" content=\"PERFECCIONANDO EL JUEGO (Suscripci\u00f3n de 10 meses U10*, U12, U14, U16 y U18) - Educatennis\" \/>\n<meta property=\"og:description\" content=\"Programas de entreno por edad y niveles de jugadores de 10 a 18. Una herramienta pr\u00e1ctica y \u00fatil para llevar a la pista\" \/>\n<meta property=\"og:url\" content=\"https:\/\/educatennis.com\/rafanadalacademycamps\/producto\/perfeccionando-el-juego-suscripcion-de-10-meses-u10-u12-u14-u16-y-u18\/\" \/>\n<meta property=\"og:site_name\" content=\"Educatennis\" \/>\n<meta property=\"article:publisher\" content=\"https:\/\/www.facebook.com\/educatennis\" \/>\n<meta property=\"article:modified_time\" content=\"2020-08-16T18:35:21+00:00\" \/>\n<meta property=\"og:image\" content=\"https:\/\/educatennis.com\/rafanadalacademycamps\/wp-content\/uploads\/2020\/03\/field-summer-the-sky-macro-wallpaper-preview-co\u0300pia-ok.jpg\" \/>\n\t<meta property=\"og:image:width\" content=\"1884\" \/>\n\t<meta property=\"og:image:height\" content=\"1267\" \/>\n<meta name=\"twitter:card\" content=\"summary_large_image\" \/>\n<meta name=\"twitter:label1\" content=\"Tiempo de lectura\" \/>\n\t<meta name=\"twitter:data1\" content=\"5 minutos\" \/>\n<script type=\"application\/ld+json\" class=\"yoast-schema-graph\">{\"@context\":\"https:\/\/schema.org\",\"@graph\":[{\"@type\":\"Organization\",\"@id\":\"https:\/\/educatennis.com\/rafanadalacademycamps\/en\/#organization\",\"name\":\"Educatennis\",\"url\":\"https:\/\/educatennis.com\/rafanadalacademycamps\/en\/\",\"sameAs\":[\"https:\/\/www.facebook.com\/educatennis\",\"https:\/\/www.instagram.com\/educatennis\",\"https:\/\/www.youtube.com\/channel\/UCMVUY-lze1xyVPmFZsbdvyw\"],\"logo\":{\"@type\":\"ImageObject\",\"@id\":\"https:\/\/educatennis.com\/rafanadalacademycamps\/en\/#logo\",\"inLanguage\":\"es\",\"url\":\"https:\/\/educatennis.com\/wp-content\/uploads\/2020\/05\/WPC_-Negativa-color-RGB-1.jpg\",\"contentUrl\":\"https:\/\/educatennis.com\/wp-content\/uploads\/2020\/05\/WPC_-Negativa-color-RGB-1.jpg\",\"width\":169,\"height\":60,\"caption\":\"Educatennis\"},\"image\":{\"@id\":\"https:\/\/educatennis.com\/rafanadalacademycamps\/en\/#logo\"}},{\"@type\":\"WebSite\",\"@id\":\"https:\/\/educatennis.com\/rafanadalacademycamps\/en\/#website\",\"url\":\"https:\/\/educatennis.com\/rafanadalacademycamps\/en\/\",\"name\":\"Educatennis\",\"description\":\"Educatennis\",\"publisher\":{\"@id\":\"https:\/\/educatennis.com\/rafanadalacademycamps\/en\/#organization\"},\"potentialAction\":[{\"@type\":\"SearchAction\",\"target\":{\"@type\":\"EntryPoint\",\"urlTemplate\":\"https:\/\/educatennis.com\/rafanadalacademycamps\/en\/?s={search_term_string}\"},\"query-input\":\"required name=search_term_string\"}],\"inLanguage\":\"es\"},{\"@type\":\"ImageObject\",\"@id\":\"https:\/\/educatennis.com\/rafanadalacademycamps\/producto\/perfeccionando-el-juego-suscripcion-de-10-meses-u10-u12-u14-u16-y-u18\/#primaryimage\",\"inLanguage\":\"es\",\"url\":\"https:\/\/educatennis.com\/rafanadalacademycamps\/wp-content\/uploads\/2020\/03\/field-summer-the-sky-macro-wallpaper-preview-co\\u0300pia-ok.jpg\",\"contentUrl\":\"https:\/\/educatennis.com\/rafanadalacademycamps\/wp-content\/uploads\/2020\/03\/field-summer-the-sky-macro-wallpaper-preview-co\\u0300pia-ok.jpg\",\"width\":1884,\"height\":1267},{\"@type\":\"WebPage\",\"@id\":\"https:\/\/educatennis.com\/rafanadalacademycamps\/producto\/perfeccionando-el-juego-suscripcion-de-10-meses-u10-u12-u14-u16-y-u18\/#webpage\",\"url\":\"https:\/\/educatennis.com\/rafanadalacademycamps\/producto\/perfeccionando-el-juego-suscripcion-de-10-meses-u10-u12-u14-u16-y-u18\/\",\"name\":\"PERFECCIONANDO EL JUEGO (Suscripci\\u00f3n de 10 meses U10*, U12, U14, U16 y U18) - Educatennis\",\"isPartOf\":{\"@id\":\"https:\/\/educatennis.com\/rafanadalacademycamps\/en\/#website\"},\"primaryImageOfPage\":{\"@id\":\"https:\/\/educatennis.com\/rafanadalacademycamps\/producto\/perfeccionando-el-juego-suscripcion-de-10-meses-u10-u12-u14-u16-y-u18\/#primaryimage\"},\"datePublished\":\"2020-06-09T17:00:19+00:00\",\"dateModified\":\"2020-08-16T18:35:21+00:00\",\"breadcrumb\":{\"@id\":\"https:\/\/educatennis.com\/rafanadalacademycamps\/producto\/perfeccionando-el-juego-suscripcion-de-10-meses-u10-u12-u14-u16-y-u18\/#breadcrumb\"},\"inLanguage\":\"es\",\"potentialAction\":[{\"@type\":\"ReadAction\",\"target\":[\"https:\/\/educatennis.com\/rafanadalacademycamps\/producto\/perfeccionando-el-juego-suscripcion-de-10-meses-u10-u12-u14-u16-y-u18\/\"]}]},{\"@type\":\"BreadcrumbList\",\"@id\":\"https:\/\/educatennis.com\/rafanadalacademycamps\/producto\/perfeccionando-el-juego-suscripcion-de-10-meses-u10-u12-u14-u16-y-u18\/#breadcrumb\",\"itemListElement\":[{\"@type\":\"ListItem\",\"position\":1,\"name\":\"Portada\",\"item\":\"https:\/\/educatennis.com\/rafanadalacademycamps\/\"},{\"@type\":\"ListItem\",\"position\":2,\"name\":\"Tienda\",\"item\":\"https:\/\/educatennis.com\/rafanadalacademycamps\/tienda\/\"},{\"@type\":\"ListItem\",\"position\":3,\"name\":\"PERFECCIONANDO EL JUEGO (Suscripci\\u00f3n de 10 meses U10*, U12, U14, U16 y U18)\"}]}]}<\/script>\n<!-- \/ Yoast SEO plugin. -->","yoast_head_json":{"title":"PERFECCIONANDO EL JUEGO (Suscripci\u00f3n de 10 meses U10*, U12, U14, U16 y U18) - Educatennis","robots":{"index":"index","follow":"follow","max-snippet":"max-snippet:-1","max-image-preview":"max-image-preview:large","max-video-preview":"max-video-preview:-1"},"canonical":"https:\/\/educatennis.com\/rafanadalacademycamps\/producto\/perfeccionando-el-juego-suscripcion-de-10-meses-u10-u12-u14-u16-y-u18\/","og_locale":"es_ES","og_type":"article","og_title":"PERFECCIONANDO EL JUEGO (Suscripci\u00f3n de 10 meses U10*, U12, U14, U16 y U18) - Educatennis","og_description":"Programas de entreno por edad y niveles de jugadores de 10 a 18. Una herramienta pr\u00e1ctica y \u00fatil para llevar a la pista","og_url":"https:\/\/educatennis.com\/rafanadalacademycamps\/producto\/perfeccionando-el-juego-suscripcion-de-10-meses-u10-u12-u14-u16-y-u18\/","og_site_name":"Educatennis","article_publisher":"https:\/\/www.facebook.com\/educatennis","article_modified_time":"2020-08-16T18:35:21+00:00","og_image":[{"width":1884,"height":1267,"url":"https:\/\/educatennis.com\/rafanadalacademycamps\/wp-content\/uploads\/2020\/03\/field-summer-the-sky-macro-wallpaper-preview-co\u0300pia-ok.jpg","type":"image\/jpeg"}],"twitter_card":"summary_large_image","twitter_misc":{"Tiempo de lectura":"5 minutos"},"schema":{"@context":"https:\/\/schema.org","@graph":[{"@type":"Organization","@id":"https:\/\/educatennis.com\/rafanadalacademycamps\/en\/#organization","name":"Educatennis","url":"https:\/\/educatennis.com\/rafanadalacademycamps\/en\/","sameAs":["https:\/\/www.facebook.com\/educatennis","https:\/\/www.instagram.com\/educatennis","https:\/\/www.youtube.com\/channel\/UCMVUY-lze1xyVPmFZsbdvyw"],"logo":{"@type":"ImageObject","@id":"https:\/\/educatennis.com\/rafanadalacademycamps\/en\/#logo","inLanguage":"es","url":"https:\/\/educatennis.com\/wp-content\/uploads\/2020\/05\/WPC_-Negativa-color-RGB-1.jpg","contentUrl":"https:\/\/educatennis.com\/wp-content\/uploads\/2020\/05\/WPC_-Negativa-color-RGB-1.jpg","width":169,"height":60,"caption":"Educatennis"},"image":{"@id":"https:\/\/educatennis.com\/rafanadalacademycamps\/en\/#logo"}},{"@type":"WebSite","@id":"https:\/\/educatennis.com\/rafanadalacademycamps\/en\/#website","url":"https:\/\/educatennis.com\/rafanadalacademycamps\/en\/","name":"Educatennis","description":"Educatennis","publisher":{"@id":"https:\/\/educatennis.com\/rafanadalacademycamps\/en\/#organization"},"potentialAction":[{"@type":"SearchAction","target":{"@type":"EntryPoint","urlTemplate":"https:\/\/educatennis.com\/rafanadalacademycamps\/en\/?s={search_term_string}"},"query-input":"required name=search_term_string"}],"inLanguage":"es"},{"@type":"ImageObject","@id":"https:\/\/educatennis.com\/rafanadalacademycamps\/producto\/perfeccionando-el-juego-suscripcion-de-10-meses-u10-u12-u14-u16-y-u18\/#primaryimage","inLanguage":"es","url":"https:\/\/educatennis.com\/rafanadalacademycamps\/wp-content\/uploads\/2020\/03\/field-summer-the-sky-macro-wallpaper-preview-co\u0300pia-ok.jpg","contentUrl":"https:\/\/educatennis.com\/rafanadalacademycamps\/wp-content\/uploads\/2020\/03\/field-summer-the-sky-macro-wallpaper-preview-co\u0300pia-ok.jpg","width":1884,"height":1267},{"@type":"WebPage","@id":"https:\/\/educatennis.com\/rafanadalacademycamps\/producto\/perfeccionando-el-juego-suscripcion-de-10-meses-u10-u12-u14-u16-y-u18\/#webpage","url":"https:\/\/educatennis.com\/rafanadalacademycamps\/producto\/perfeccionando-el-juego-suscripcion-de-10-meses-u10-u12-u14-u16-y-u18\/","name":"PERFECCIONANDO EL JUEGO (Suscripci\u00f3n de 10 meses U10*, U12, U14, U16 y U18) - Educatennis","isPartOf":{"@id":"https:\/\/educatennis.com\/rafanadalacademycamps\/en\/#website"},"primaryImageOfPage":{"@id":"https:\/\/educatennis.com\/rafanadalacademycamps\/producto\/perfeccionando-el-juego-suscripcion-de-10-meses-u10-u12-u14-u16-y-u18\/#primaryimage"},"datePublished":"2020-06-09T17:00:19+00:00","dateModified":"2020-08-16T18:35:21+00:00","breadcrumb":{"@id":"https:\/\/educatennis.com\/rafanadalacademycamps\/producto\/perfeccionando-el-juego-suscripcion-de-10-meses-u10-u12-u14-u16-y-u18\/#breadcrumb"},"inLanguage":"es","potentialAction":[{"@type":"ReadAction","target":["https:\/\/educatennis.com\/rafanadalacademycamps\/producto\/perfeccionando-el-juego-suscripcion-de-10-meses-u10-u12-u14-u16-y-u18\/"]}]},{"@type":"BreadcrumbList","@id":"https:\/\/educatennis.com\/rafanadalacademycamps\/producto\/perfeccionando-el-juego-suscripcion-de-10-meses-u10-u12-u14-u16-y-u18\/#breadcrumb","itemListElement":[{"@type":"ListItem","position":1,"name":"Portada","item":"https:\/\/educatennis.com\/rafanadalacademycamps\/"},{"@type":"ListItem","position":2,"name":"Tienda","item":"https:\/\/educatennis.com\/rafanadalacademycamps\/tienda\/"},{"@type":"ListItem","position":3,"name":"PERFECCIONANDO EL JUEGO (Suscripci\u00f3n de 10 meses U10*, U12, U14, U16 y U18)"}]}]}},"_links":{"self":[{"href":"https:\/\/educatennis.com\/rafanadalacademycamps\/wp-json\/wp\/v2\/product\/28585"}],"collection":[{"href":"https:\/\/educatennis.com\/rafanadalacademycamps\/wp-json\/wp\/v2\/product"}],"about":[{"href":"https:\/\/educatennis.com\/rafanadalacademycamps\/wp-json\/wp\/v2\/types\/product"}],"replies":[{"embeddable":true,"href":"https:\/\/educatennis.com\/rafanadalacademycamps\/wp-json\/wp\/v2\/comments?post=28585"}],"wp:featuredmedia":[{"embeddable":true,"href":"https:\/\/educatennis.com\/rafanadalacademycamps\/wp-json\/wp\/v2\/media\/16211"}],"wp:attachment":[{"href":"https:\/\/educatennis.com\/rafanadalacademycamps\/wp-json\/wp\/v2\/media?parent=28585"}],"wp:term":[{"taxonomy":"product_cat","embeddable":true,"href":"https:\/\/educatennis.com\/rafanadalacademycamps\/wp-json\/wp\/v2\/product_cat?post=28585"},{"taxonomy":"product_tag","embeddable":true,"href":"https:\/\/educatennis.com\/rafanadalacademycamps\/wp-json\/wp\/v2\/product_tag?post=28585"}],"curies":[{"name":"wp","href":"https:\/\/api.w.org\/{rel}","templated":true}]}}