{"id":28581,"date":"2020-04-20T01:21:18","date_gmt":"2020-06-09T16:27:19","guid":{"rendered":"https:\/\/educatennis.com\/product\/summer-camp-u-18\/"},"modified":"2020-06-30T01:50:42","modified_gmt":"2020-06-29T23:50:42","slug":"summer-camp-u-18","status":"publish","type":"product","link":"https:\/\/educatennis.com\/rafanadalacademycamps\/producto\/summer-camp-u-18\/","title":{"rendered":"Planificaci\u00f3n Summer Camp Under 18"},"content":{"rendered":"<p>[vc_row][vc_column]<div id=\"highlight-box-wrap-6556\"  data-ultimate-target='#highlight-box-wrap-6556'  data-responsive-json-new='{\"font-size\":\"desktop:32px;\",\"line-height\":\"\"}'  class=\"ultimate-call-to-action ult-adjust-bottom-margin  ctaction-text-center ult-responsive\" style=\"font-family:Roboto;font-weight:bold;color:#000000;background:#e3f501;padding-top:20px;padding-bottom:20px;\"  data-background=\"#e3f501\"  data-background-hover=\"#ecece8\"  data-override=\"0\" ><div class=\"uvc-ctaction-data uvc-ctaction-data-no-effect ult-responsive\"><\/p>\n<h5 style=\"text-align: center;\"><span class=\"tlid-translation translation\" lang=\"es\"><span class=\"\" title=\"\"><span class=\"tlid-translation translation\" lang=\"en\">Este verano lleva a tus jugadores al siguiente nivel<\/span><\/span><\/span><\/h5>\n<p><\/div><\/div>[\/vc_column][\/vc_row][vc_row][vc_column][vc_empty_space][\/vc_column][\/vc_row][vc_row][vc_column width=\u00bb1\/3&#8243;][vc_column_text]<\/p>\n<h3><span style=\"color: #000000;\"><b>Objetivos del Curso:<\/b><\/span><\/h3>\n<hr \/>\n<p>Educatennis ha recopilado el conocimiento del tenis espa\u00f1ol y lo pone al alcance de tu mano con esta herramienta de trabajo.<\/p>\n<p>El objetivo principal del programa Summer Camp Under 18 es preparar al jugador para la competici\u00f3n de alto rendimiento.<\/p>\n<p><span lang=\"en\"> La intensidad y la concentraci\u00f3n se desarrollan para ayudar a los jugadores a tener \u00e9xito en las competiciones de alto rendimiento. <\/span><\/p>\n<p>Los principales objetivos en esta etapa son:<\/p>\n<ul>\n<li><span lang=\"en\">Dominando el punto desde la l\u00ednea de fondo, golpeando la pelota en la subida para quitar tiempo a los oponentes. <\/span>Generando fuerza en todos los golpeos de fondo y reconociendo oportunidades para entrar en pista y atacar.<\/li>\n<li>Estrategias avanzadas de individual y dobles.<\/li>\n<li>Configuraci\u00f3n de jugadas y puntos acabando dentro de la pista, en busca de golpeos ganadores o buenos subidas a la red.<\/li>\n<li>Conseguir la iniciativa de los puntos desde el servicio y la devoluci\u00f3n se convierte en un factor clave.<\/li>\n<\/ul>\n<p>[\/vc_column_text][\/vc_column][vc_column width=\u00bb1\/3&#8243;][vc_column_text]<\/p>\n<h3><span style=\"color: #000000;\"><b>Quick wins:<\/b><\/span><\/h3>\n<hr \/>\n<ul>\n<li>Convi\u00e9rtete en un entrenador de referencia en el tenis de alto rendimiento. Le proporcionamos contenido de calidad y relevante adaptado a las necesidades del jugador a edades temprana.<\/li>\n<li>Te ayudar\u00e1 a introducir contenidos de manera ordenada respetando los tempos de aprendizaje de los jugadores, promoviendo la confianza haci\u00e9ndoles sentirse competentes.<\/li>\n<li>Contenido organizado y f\u00e1cil de usar. Evite largas horas de trabajo de preparaci\u00f3n e investigaci\u00f3n.<\/li>\n<li>Actividades divertidas y l\u00fadicas que promueven la pr\u00e1ctica del deporte.<\/li>\n<li>Contenido f\u00e1cil de compartir para dar a los entrenadores la posibilidad de conectar mejor con los jugadores.<\/li>\n<\/ul>\n<p>[\/vc_column_text][\/vc_column][vc_column width=\u00bb1\/3&#8243;][vc_column_text]<\/p>\n<h3><span style=\"color: #000000;\"><b>Qu\u00e9 incluye<\/b><\/span><\/h3>\n<hr \/>\n<ul>\n<li>Sugerencias sobre c\u00f3mo gestionar espacios y organizar a los jugadores en la pista trabajando en grupo.<\/li>\n<li>Contenido diarios a trabajar para jugadores menores de 18 a\u00f1os. Explicaci\u00f3n clara y detallada de los aspectos para trabajar con soporte de v\u00eddeo.<\/li>\n<li>Sesiones de trabajo diarias, ejercicios explicados en detalle a trav\u00e9s de descripciones o videos<\/li>\n<li>Opci\u00f3n De compartir contenido<\/li>\n<li>12 meses de acceso al contenido<\/li>\n<\/ul>\n<p>[\/vc_column_text][\/vc_column][\/vc_row][vc_row][vc_column][vc_empty_space][\/vc_column][\/vc_row][vc_row][vc_column][vc_cta h2=\u00bbDirigido a:\u00bb h2_use_theme_fonts=\u00bbyes\u00bb h4_use_theme_fonts=\u00bbyes\u00bb txt_align=\u00bbcenter\u00bb style=\u00bbcustom\u00bb use_custom_fonts_h2=\u00bbtrue\u00bb use_custom_fonts_h4=\u00bbtrue\u00bb custom_background=\u00bb#ecece8&#8243; custom_text=\u00bb#c4d600&#8243;]<span class=\"tlid-translation translation\" lang=\"en\"><span title=\"\">Directores y coordinadores de programas de tenis de alto rendimiento, entrenadores universitarios y padres que buscan entrenar a sus jugadores con estructura y calidad para ayudar a los jugadores a tener \u00e9xito a alto nivel de competici\u00f3n.<\/span><\/span>[\/vc_cta][vc_empty_space][vc_separator][vc_empty_space][\/vc_column][\/vc_row][vc_row][vc_column width=\u00bb1\/6&#8243;][vc_icon icon_fontawesome=\u00bbfar fa-lightbulb\u00bb color=\u00bbcustom\u00bb custom_color=\u00bb#c4d600&#8243;][\/vc_column][vc_column width=\u00bb2\/3&#8243;][vc_column_text el_class=\u00bbcontainer\u00bb]<\/p>\n<h3 style=\"text-align: center;\"><span style=\"color: #000000;\">Lecciones del curso:<\/span><\/h3>\n<p>[\/vc_column_text][vc_empty_space][vc_separator color=\u00bbcustom\u00bb accent_color=\u00bb#c4d600&#8243;][\/vc_column][vc_column width=\u00bb1\/6&#8243;][\/vc_column][\/vc_row][vc_row el_class=\u00bbcontainer\u00bb][vc_column][vc_empty_space][vc_column_text]<\/p>\n<h3>Semana 1 SC U18<\/h3>\n<p>Primera semana de actividad de campamento de verano para jugadores Sub-18<\/p>\n<p><strong>Lecciones<\/strong><br \/>\nMenores de 18 \u2013 Campamento de Verano \u00ab1a Semana\u00bbLunes.<br \/>\nMenos de 18 \u2013 Campamento de Verano \u00ab1a semana\u00bb Martes.<br \/>\nMenores de 18 a\u00f1os \u2013 Campamento de Verano \u00ab1a semana\u00bb Mi\u00e9rcoles.<br \/>\nMenos de 18 \u2013 Campamento de Verano \u00ab1a Semana\u00bb Jueves y Viernes.<\/p>\n<h3>Semana 2 SC U18<\/h3>\n<p>Segunda semana de actividad de campamento de verano para jugadores Sub-18<\/p>\n<p><strong>Lecciones<\/strong><br \/>\nMenores de 18 a\u00f1os \u2013 Campamento de Verano \u00ab2nd Week\u00bb Lunes.<br \/>\nMenores de 18 a\u00f1os \u2013 Campamento de Verano \u00ab2a Semana\u00bb Martes.<br \/>\nMenores de 18 a\u00f1os \u2013 Campamento de Verano \u00ab2a Semana\u00bb Mi\u00e9rcoles.<br \/>\nUnder 18 \u2013 Campamento de Verano \u00ab2nd Week\u00bb Jueves y Viernes.<\/p>\n<h3>Semana 3 SC U18<\/h3>\n<p>Tercera semana de actividad de campamento de verano para jugadores Sub-18<\/p>\n<p><strong>Lecciones<\/strong><br \/>\nMenor de 18 \u2013 Campamento de Verano \u00ab3a Semana\u00bb Lunes.<br \/>\n<strong><a href=\"https:\/\/educatennis.com\/lesson\/under-18-2a-sesion-3ra-semana-summer-camp\/\">Menos de 18 \u2013 Campamento de Verano \u00ab3a Semana\u00bb Martes (haga clic aqu\u00ed y consulte las lecciones de forma gratuita)<\/a><\/strong><br \/>\nUnder 18 \u2013 Campamento de Verano \u00ab3a Semana\u00bb Mi\u00e9rcoles.<br \/>\nUnder 18 \u2013 Campamento de Verano \u00ab3a Semana\u00bb Jueves y Viernes.<\/p>\n<h3>Semana 4 SC U18<\/h3>\n<p>Cuarta semana de actividad de campamento de verano para jugadores Sub-18<\/p>\n<p><strong>Lecciones<\/strong><br \/>\nMenores de 18 a\u00f1os \u2013 Campamento de Verano \u00ab4a Semana\u00bb Lunes.<br \/>\nMenos de 18 \u2013 Campamento de Verano \u00ab4a Semana\u00bb Martes.<br \/>\nMenores de 18 a\u00f1os \u2013 Campamento de Verano \u00ab4a Semana\u00bb Mi\u00e9rcoles.<br \/>\nUnder 18 \u2013 Campamento de Verano \u00ab4a Semana\u00bb Jueves y Viernes.<\/p>\n<h3>Semana 5 SC U18<\/h3>\n<p>Quinta semana de actividad de campamento de verano para jugadores Sub-18<\/p>\n<p><strong>Lecciones<\/strong><br \/>\nMenores de 18 a\u00f1os \u2013 Campamento de Verano \u00ab5a semana\u00bb Lunes.<br \/>\nMenos de 18 \u2013 Campamento de Verano \u00ab5a Semana\u00bb Martes.<br \/>\nMenos de 18 \u2013 Campamento de Verano \u00ab5 Semana\u00bb Martes. (Ok)<br \/>\nMenores de 18 a\u00f1os \u2013 Campamento de Verano \u00ab5 Semana\u00bb Mi\u00e9rcoles. (OK)<br \/>\nUnder 18 \u2013 Campamento de Verano \u00ab5 Semana\u00bb Jueves y Viernes. (Ok)<br \/>\nUnder 18 \u2013 Campamento de Verano \u00ab5a Semana\u00bb Jueves y Viernes.[\/vc_column_text][vc_empty_space][\/vc_column][\/vc_row]<\/p>\n","protected":false},"excerpt":{"rendered":"<p>Programa de entrenamiento para la temporada de verano para jugadores menores de 18 a\u00f1os<\/p>\n","protected":false},"featured_media":18556,"comment_status":"open","ping_status":"closed","template":"","meta":[],"product_cat":[882],"product_tag":[496,216],"acf":[],"yoast_head":"<!-- This site is optimized with the Yoast SEO plugin v17.6 - https:\/\/yoast.com\/wordpress\/plugins\/seo\/ -->\n<title>Planificaci\u00f3n Summer Camp Under 18 - Educatennis<\/title>\n<meta name=\"robots\" content=\"index, follow, max-snippet:-1, max-image-preview:large, max-video-preview:-1\" \/>\n<link rel=\"canonical\" href=\"https:\/\/educatennis.com\/rafanadalacademycamps\/producto\/summer-camp-u-18\/\" \/>\n<meta property=\"og:locale\" content=\"es_ES\" \/>\n<meta property=\"og:type\" content=\"article\" \/>\n<meta property=\"og:title\" content=\"Planificaci\u00f3n Summer Camp Under 18 - Educatennis\" \/>\n<meta property=\"og:description\" content=\"Programa de entrenamiento para la temporada de verano para jugadores menores de 18 a\u00f1os\" \/>\n<meta property=\"og:url\" content=\"https:\/\/educatennis.com\/rafanadalacademycamps\/producto\/summer-camp-u-18\/\" \/>\n<meta property=\"og:site_name\" content=\"Educatennis\" \/>\n<meta property=\"article:publisher\" content=\"https:\/\/www.facebook.com\/educatennis\" \/>\n<meta property=\"article:modified_time\" content=\"2020-06-29T23:50:42+00:00\" \/>\n<meta property=\"og:image\" content=\"https:\/\/educatennis.com\/rafanadalacademycamps\/wp-content\/uploads\/2020\/04\/dc38-co\u0300pia.jpg\" \/>\n\t<meta property=\"og:image:width\" content=\"1880\" \/>\n\t<meta property=\"og:image:height\" content=\"1251\" \/>\n<meta name=\"twitter:card\" content=\"summary_large_image\" \/>\n<meta name=\"twitter:label1\" content=\"Tiempo de lectura\" \/>\n\t<meta name=\"twitter:data1\" content=\"4 minutos\" \/>\n<script type=\"application\/ld+json\" class=\"yoast-schema-graph\">{\"@context\":\"https:\/\/schema.org\",\"@graph\":[{\"@type\":\"Organization\",\"@id\":\"https:\/\/educatennis.com\/rafanadalacademycamps\/en\/#organization\",\"name\":\"Educatennis\",\"url\":\"https:\/\/educatennis.com\/rafanadalacademycamps\/en\/\",\"sameAs\":[\"https:\/\/www.facebook.com\/educatennis\",\"https:\/\/www.instagram.com\/educatennis\",\"https:\/\/www.youtube.com\/channel\/UCMVUY-lze1xyVPmFZsbdvyw\"],\"logo\":{\"@type\":\"ImageObject\",\"@id\":\"https:\/\/educatennis.com\/rafanadalacademycamps\/en\/#logo\",\"inLanguage\":\"es\",\"url\":\"https:\/\/educatennis.com\/wp-content\/uploads\/2020\/05\/WPC_-Negativa-color-RGB-1.jpg\",\"contentUrl\":\"https:\/\/educatennis.com\/wp-content\/uploads\/2020\/05\/WPC_-Negativa-color-RGB-1.jpg\",\"width\":169,\"height\":60,\"caption\":\"Educatennis\"},\"image\":{\"@id\":\"https:\/\/educatennis.com\/rafanadalacademycamps\/en\/#logo\"}},{\"@type\":\"WebSite\",\"@id\":\"https:\/\/educatennis.com\/rafanadalacademycamps\/en\/#website\",\"url\":\"https:\/\/educatennis.com\/rafanadalacademycamps\/en\/\",\"name\":\"Educatennis\",\"description\":\"Educatennis\",\"publisher\":{\"@id\":\"https:\/\/educatennis.com\/rafanadalacademycamps\/en\/#organization\"},\"potentialAction\":[{\"@type\":\"SearchAction\",\"target\":{\"@type\":\"EntryPoint\",\"urlTemplate\":\"https:\/\/educatennis.com\/rafanadalacademycamps\/en\/?s={search_term_string}\"},\"query-input\":\"required name=search_term_string\"}],\"inLanguage\":\"es\"},{\"@type\":\"ImageObject\",\"@id\":\"https:\/\/educatennis.com\/rafanadalacademycamps\/producto\/summer-camp-u-18\/#primaryimage\",\"inLanguage\":\"es\",\"url\":\"https:\/\/educatennis.com\/rafanadalacademycamps\/wp-content\/uploads\/2020\/04\/dc38-co\\u0300pia.jpg\",\"contentUrl\":\"https:\/\/educatennis.com\/rafanadalacademycamps\/wp-content\/uploads\/2020\/04\/dc38-co\\u0300pia.jpg\",\"width\":1880,\"height\":1251},{\"@type\":\"WebPage\",\"@id\":\"https:\/\/educatennis.com\/rafanadalacademycamps\/producto\/summer-camp-u-18\/#webpage\",\"url\":\"https:\/\/educatennis.com\/rafanadalacademycamps\/producto\/summer-camp-u-18\/\",\"name\":\"Planificaci\\u00f3n Summer Camp Under 18 - Educatennis\",\"isPartOf\":{\"@id\":\"https:\/\/educatennis.com\/rafanadalacademycamps\/en\/#website\"},\"primaryImageOfPage\":{\"@id\":\"https:\/\/educatennis.com\/rafanadalacademycamps\/producto\/summer-camp-u-18\/#primaryimage\"},\"datePublished\":\"2020-06-09T16:27:19+00:00\",\"dateModified\":\"2020-06-29T23:50:42+00:00\",\"breadcrumb\":{\"@id\":\"https:\/\/educatennis.com\/rafanadalacademycamps\/producto\/summer-camp-u-18\/#breadcrumb\"},\"inLanguage\":\"es\",\"potentialAction\":[{\"@type\":\"ReadAction\",\"target\":[\"https:\/\/educatennis.com\/rafanadalacademycamps\/producto\/summer-camp-u-18\/\"]}]},{\"@type\":\"BreadcrumbList\",\"@id\":\"https:\/\/educatennis.com\/rafanadalacademycamps\/producto\/summer-camp-u-18\/#breadcrumb\",\"itemListElement\":[{\"@type\":\"ListItem\",\"position\":1,\"name\":\"Portada\",\"item\":\"https:\/\/educatennis.com\/rafanadalacademycamps\/\"},{\"@type\":\"ListItem\",\"position\":2,\"name\":\"Tienda\",\"item\":\"https:\/\/educatennis.com\/rafanadalacademycamps\/tienda\/\"},{\"@type\":\"ListItem\",\"position\":3,\"name\":\"Planificaci\\u00f3n Summer Camp Under 18\"}]}]}<\/script>\n<!-- \/ Yoast SEO plugin. -->","yoast_head_json":{"title":"Planificaci\u00f3n Summer Camp Under 18 - Educatennis","robots":{"index":"index","follow":"follow","max-snippet":"max-snippet:-1","max-image-preview":"max-image-preview:large","max-video-preview":"max-video-preview:-1"},"canonical":"https:\/\/educatennis.com\/rafanadalacademycamps\/producto\/summer-camp-u-18\/","og_locale":"es_ES","og_type":"article","og_title":"Planificaci\u00f3n Summer Camp Under 18 - Educatennis","og_description":"Programa de entrenamiento para la temporada de verano para jugadores menores de 18 a\u00f1os","og_url":"https:\/\/educatennis.com\/rafanadalacademycamps\/producto\/summer-camp-u-18\/","og_site_name":"Educatennis","article_publisher":"https:\/\/www.facebook.com\/educatennis","article_modified_time":"2020-06-29T23:50:42+00:00","og_image":[{"width":1880,"height":1251,"url":"https:\/\/educatennis.com\/rafanadalacademycamps\/wp-content\/uploads\/2020\/04\/dc38-co\u0300pia.jpg","type":"image\/jpeg"}],"twitter_card":"summary_large_image","twitter_misc":{"Tiempo de lectura":"4 minutos"},"schema":{"@context":"https:\/\/schema.org","@graph":[{"@type":"Organization","@id":"https:\/\/educatennis.com\/rafanadalacademycamps\/en\/#organization","name":"Educatennis","url":"https:\/\/educatennis.com\/rafanadalacademycamps\/en\/","sameAs":["https:\/\/www.facebook.com\/educatennis","https:\/\/www.instagram.com\/educatennis","https:\/\/www.youtube.com\/channel\/UCMVUY-lze1xyVPmFZsbdvyw"],"logo":{"@type":"ImageObject","@id":"https:\/\/educatennis.com\/rafanadalacademycamps\/en\/#logo","inLanguage":"es","url":"https:\/\/educatennis.com\/wp-content\/uploads\/2020\/05\/WPC_-Negativa-color-RGB-1.jpg","contentUrl":"https:\/\/educatennis.com\/wp-content\/uploads\/2020\/05\/WPC_-Negativa-color-RGB-1.jpg","width":169,"height":60,"caption":"Educatennis"},"image":{"@id":"https:\/\/educatennis.com\/rafanadalacademycamps\/en\/#logo"}},{"@type":"WebSite","@id":"https:\/\/educatennis.com\/rafanadalacademycamps\/en\/#website","url":"https:\/\/educatennis.com\/rafanadalacademycamps\/en\/","name":"Educatennis","description":"Educatennis","publisher":{"@id":"https:\/\/educatennis.com\/rafanadalacademycamps\/en\/#organization"},"potentialAction":[{"@type":"SearchAction","target":{"@type":"EntryPoint","urlTemplate":"https:\/\/educatennis.com\/rafanadalacademycamps\/en\/?s={search_term_string}"},"query-input":"required name=search_term_string"}],"inLanguage":"es"},{"@type":"ImageObject","@id":"https:\/\/educatennis.com\/rafanadalacademycamps\/producto\/summer-camp-u-18\/#primaryimage","inLanguage":"es","url":"https:\/\/educatennis.com\/rafanadalacademycamps\/wp-content\/uploads\/2020\/04\/dc38-co\u0300pia.jpg","contentUrl":"https:\/\/educatennis.com\/rafanadalacademycamps\/wp-content\/uploads\/2020\/04\/dc38-co\u0300pia.jpg","width":1880,"height":1251},{"@type":"WebPage","@id":"https:\/\/educatennis.com\/rafanadalacademycamps\/producto\/summer-camp-u-18\/#webpage","url":"https:\/\/educatennis.com\/rafanadalacademycamps\/producto\/summer-camp-u-18\/","name":"Planificaci\u00f3n Summer Camp Under 18 - Educatennis","isPartOf":{"@id":"https:\/\/educatennis.com\/rafanadalacademycamps\/en\/#website"},"primaryImageOfPage":{"@id":"https:\/\/educatennis.com\/rafanadalacademycamps\/producto\/summer-camp-u-18\/#primaryimage"},"datePublished":"2020-06-09T16:27:19+00:00","dateModified":"2020-06-29T23:50:42+00:00","breadcrumb":{"@id":"https:\/\/educatennis.com\/rafanadalacademycamps\/producto\/summer-camp-u-18\/#breadcrumb"},"inLanguage":"es","potentialAction":[{"@type":"ReadAction","target":["https:\/\/educatennis.com\/rafanadalacademycamps\/producto\/summer-camp-u-18\/"]}]},{"@type":"BreadcrumbList","@id":"https:\/\/educatennis.com\/rafanadalacademycamps\/producto\/summer-camp-u-18\/#breadcrumb","itemListElement":[{"@type":"ListItem","position":1,"name":"Portada","item":"https:\/\/educatennis.com\/rafanadalacademycamps\/"},{"@type":"ListItem","position":2,"name":"Tienda","item":"https:\/\/educatennis.com\/rafanadalacademycamps\/tienda\/"},{"@type":"ListItem","position":3,"name":"Planificaci\u00f3n Summer Camp Under 18"}]}]}},"_links":{"self":[{"href":"https:\/\/educatennis.com\/rafanadalacademycamps\/wp-json\/wp\/v2\/product\/28581"}],"collection":[{"href":"https:\/\/educatennis.com\/rafanadalacademycamps\/wp-json\/wp\/v2\/product"}],"about":[{"href":"https:\/\/educatennis.com\/rafanadalacademycamps\/wp-json\/wp\/v2\/types\/product"}],"replies":[{"embeddable":true,"href":"https:\/\/educatennis.com\/rafanadalacademycamps\/wp-json\/wp\/v2\/comments?post=28581"}],"wp:featuredmedia":[{"embeddable":true,"href":"https:\/\/educatennis.com\/rafanadalacademycamps\/wp-json\/wp\/v2\/media\/18556"}],"wp:attachment":[{"href":"https:\/\/educatennis.com\/rafanadalacademycamps\/wp-json\/wp\/v2\/media?parent=28581"}],"wp:term":[{"taxonomy":"product_cat","embeddable":true,"href":"https:\/\/educatennis.com\/rafanadalacademycamps\/wp-json\/wp\/v2\/product_cat?post=28581"},{"taxonomy":"product_tag","embeddable":true,"href":"https:\/\/educatennis.com\/rafanadalacademycamps\/wp-json\/wp\/v2\/product_tag?post=28581"}],"curies":[{"name":"wp","href":"https:\/\/api.w.org\/{rel}","templated":true}]}}