{"id":28524,"date":"2020-02-18T13:59:07","date_gmt":"2020-06-08T23:12:18","guid":{"rendered":"https:\/\/educatennis.com\/product\/organizacion-del-espacio\/"},"modified":"2020-06-30T01:25:15","modified_gmt":"2020-06-29T23:25:15","slug":"organizacion-del-espacio","status":"publish","type":"product","link":"https:\/\/educatennis.com\/rafanadalacademycamps\/producto\/organizacion-del-espacio\/","title":{"rendered":"Organizaci\u00f3n de espacios"},"content":{"rendered":"<p>[vc_row][vc_column]<div id=\"highlight-box-wrap-8753\"  data-ultimate-target='#highlight-box-wrap-8753'  data-responsive-json-new='{\"font-size\":\"desktop:32px;\",\"line-height\":\"\"}'  class=\"ultimate-call-to-action ult-adjust-bottom-margin  ctaction-text-center ult-responsive\" style=\"font-family:Roboto;font-weight:bold;color:#ffffff;background:#e3f501;padding-top:20px;padding-bottom:20px;\"  data-background=\"#e3f501\"  data-background-hover=\"#ecece8\"  data-override=\"0\" ><div class=\"uvc-ctaction-data uvc-ctaction-data-no-effect ult-responsive\"><\/p>\n<h3 style=\"text-align: center;\"><span class=\"tlid-translation translation\" lang=\"es\"><span class=\"\" title=\"\">\u00bfQuieres aprender a optimizar tus pistas de tenis sin bajar la calidad de tus entrenamientos?<\/span> <\/span><\/h3>\n<h3 style=\"text-align: center;\"><span class=\"tlid-translation translation\" lang=\"es\"><span class=\"\" title=\"\">\u00a1El Curso de Organizaci\u00f3n de espacios de Educatennis es para ti!<\/span><\/span><\/h3>\n<p><\/div><\/div>[\/vc_column][\/vc_row][vc_row][vc_column width=\u00bb1\/3&#8243;][vc_column_text]<\/p>\n<h3><b>Objetivos del Curso:<\/b><\/h3>\n<hr \/>\n<p>Educatennis ha recopilado el conocimiento de muchos a\u00f1os organizando programas de tenis exitosos en Espa\u00f1a en este curso.<\/p>\n<p>Uno de los retos de un programa de tenis es equilibrar ser rentable y ofrecer un buen servicio. En comparaci\u00f3n con otros deportes de equipos, el espacio de juego por jugadores en el tenis es muy grande, lo que representa un problema al tratar de construir un negocio de \u00e9xito. La satisfacci\u00f3n de los clientes es clave para ejecutar un programa de tenis exitoso y tener jugadores esperando en las filas o tener poca participaci\u00f3n en la clase no ayuda en absoluto. Las soluciones no son reducir la proporci\u00f3n a dos jugadores por cancha, sino ser eficientes con la organizaci\u00f3n en la cancha y utilizar m\u00e9todos adecuados<\/p>\n<p>En este curso te mostraremos c\u00f3mo maximizar los espacios de tus pistas de tenis asegurando tener grandes actividades con un tiempo de espera m\u00ednimo.[\/vc_column_text][\/vc_column][vc_column width=\u00bb1\/3&#8243;][vc_column_text]<\/p>\n<h3><b>Quick wins:<\/b><\/h3>\n<hr \/>\n<ul>\n<li>Maximiza los beneficios de tu programa de tenis.<\/li>\n<li>Saca el m\u00e1ximo partido a los espacios deportivos disponibles.<\/li>\n<li>Mejora la calidad de tu formaci\u00f3n y aumenta el n\u00famero de participantes en tus actividades, reduciendo los tiempos de espera en las filas. Tus jugadores aprovechar\u00e1n mejor las sesiones y obtendr\u00e1s un mejor rendimiento de tu negocio.<\/li>\n<\/ul>\n<p>[\/vc_column_text][\/vc_column][vc_column width=\u00bb1\/3&#8243;][vc_column_text]<\/p>\n<h3><b>Qu\u00e9 incluye<\/b><\/h3>\n<hr \/>\n<ul>\n<li>Acceso de por vida a los contenidos<\/li>\n<li>Documentos y soporte de v\u00eddeo<\/li>\n<li>Acceso m\u00f3vil<\/li>\n<li>Certificado de finalizaci\u00f3n<\/li>\n<\/ul>\n<p>[\/vc_column_text][\/vc_column][\/vc_row][vc_row][vc_column][vc_empty_space][\/vc_column][\/vc_row][vc_row][vc_column][vc_cta h2=\u00bbDirigido a:\u00bb h2_font_container=\u00bbcolor:%23e3f501&#8243; h2_use_theme_fonts=\u00bbyes\u00bb h4_use_theme_fonts=\u00bbyes\u00bb txt_align=\u00bbcenter\u00bb style=\u00bbcustom\u00bb use_custom_fonts_h2=\u00bbtrue\u00bb use_custom_fonts_h4=\u00bbtrue\u00bb custom_background=\u00bb#808080&#8243; custom_text=\u00bb#ffffff\u00bb]Entrenadores que quieren organizar y profesionalizar sus programas de tenis. Entrenadores que buscan aumentar el n\u00famero de participantes y aumentar la satisfacci\u00f3n del cliente.[\/vc_cta][vc_empty_space][vc_separator][vc_empty_space][\/vc_column][\/vc_row][vc_row][vc_column width=\u00bb1\/6&#8243;][vc_icon icon_fontawesome=\u00bbfar fa-lightbulb\u00bb color=\u00bbcustom\u00bb custom_color=\u00bb#c4d600&#8243;][\/vc_column][vc_column width=\u00bb2\/3&#8243;][vc_column_text el_class=\u00bbcontainer\u00bb]<\/p>\n<h3 style=\"text-align: center;\">Lecciones del curso:<\/h3>\n<p>[\/vc_column_text][vc_empty_space][vc_separator color=\u00bbcustom\u00bb accent_color=\u00bb#c4d600&#8243;][\/vc_column][vc_column width=\u00bb1\/6&#8243;][\/vc_column][\/vc_row][vc_row el_class=\u00bbcontainer\u00bb][vc_column][vc_empty_space][vc_column_text]1 \u2013 Calentamiento o peloteo con 4 o mas jugadores<br \/>\n2 \u2013 Calentamiento del \u00abServicio y el Resto\u00bb<br \/>\n3 \u2013 4 , 6 o mas jugadores, trabajando canastos en pista completa.<br \/>\n4 \u2013 4 , 6 o mas jugadores trabajando carros 1\/2 pista paralela.<br \/>\n5 \u2013 Peloteos y juegos t\u00e1cticos de singles en \u00bd pista, paralela o cruzada (mas de 6 Jugadores)<br \/>\n6 \u2013 Peloteos y Juegos en pista entera con \u00ab4, 6 y mas de 6 Jugadores\u00bb.<br \/>\n7 \u2013 Integraci\u00f3n de la preparaci\u00f3n f\u00edsica dentro de la sesi\u00f3n de entreno (agilidad, velocidad, fuerza, resistencia y flexibilidad).<br \/>\n8 \u2013 Profesor Volea en 1\/2 pista paralela 4 , 6 o mas de 6 jugadores.<br \/>\n<a href=\"https:\/\/educatennis.com\/lesson\/peloteos-y-juegos-tacticos-de-singles-en-%c2%bd-pista-paralela-o-cruzada4-6-y-mas-de-6-jugadores-2\/\">9 \u2013 Peloteos y juegos t\u00e1cticos de singles en \u00bd pista, paralela o cruzada\u00bb4, 6 y mas de 6 Jugadores\u00bb (Haga click aqu\u00ed para acceder a la versi\u00f3n de prueba gratuita)<\/a><br \/>\n10 \u2013 Juegos o Puntos de Dobles \u00ab4, 6 y mas de 6 Jugadores\u00bb.<\/p>\n<p>11- Organizaci\u00f3n de 1 sesi\u00f3n de entrenador en 2 canchas de tenis \u00ab1a opci\u00f3n\u00bb<br \/>\n12- Organizaci\u00f3n de 1 sesi\u00f3n de entrenadores en 2 canchas de tenis \u00ab2nd Option\u00bb<br \/>\n13- Organizaci\u00f3n de una sesi\u00f3n de 2 entrenadores en 3 canchas de tenis \u00ab1a opci\u00f3n\u00bb<br \/>\n14- Organizaci\u00f3n de una sesi\u00f3n de 2 entrenadores en 3 canchas de tenis \u00ab2a opci\u00f3n\u00bb<br \/>\n15- Organizaci\u00f3n de una sesi\u00f3n de 3 entrenadores en 4 canchas de tenis \u00ab1a opci\u00f3n\u00bb<br \/>\n16- Organizaci\u00f3n de una sesi\u00f3n de 3 entrenadores en 4 canchas de tenis \u00ab2a opci\u00f3n\u00bb<br \/>\n17- Organizaci\u00f3n de una sesi\u00f3n de 4 entrenadores en 5 canchas de tenis<br \/>\n18- Organizaci\u00f3n de una sesi\u00f3n de 5 entrenadores (en 6 canchas) y 6 entrenadores (en 7 canchas)[\/vc_column_text][vc_empty_space][\/vc_column][\/vc_row]<\/p>\n","protected":false},"excerpt":{"rendered":"<p>Organizaci\u00f3n de jugadores en el espacio en entrenamiento t\u00e9cnico t\u00e1ctico, centrado en el aprendizaje grupal.<\/p>\n","protected":false},"featured_media":13452,"comment_status":"open","ping_status":"closed","template":"","meta":[],"product_cat":[124],"product_tag":[214,213,215,216],"acf":[],"yoast_head":"<!-- This site is optimized with the Yoast SEO plugin v17.6 - https:\/\/yoast.com\/wordpress\/plugins\/seo\/ -->\n<title>Organizaci\u00f3n de espacios - Educatennis<\/title>\n<meta name=\"robots\" content=\"index, follow, max-snippet:-1, max-image-preview:large, max-video-preview:-1\" \/>\n<link rel=\"canonical\" href=\"https:\/\/educatennis.com\/rafanadalacademycamps\/producto\/organizacion-del-espacio\/\" \/>\n<meta property=\"og:locale\" content=\"es_ES\" \/>\n<meta property=\"og:type\" content=\"article\" \/>\n<meta property=\"og:title\" content=\"Organizaci\u00f3n de espacios - Educatennis\" \/>\n<meta property=\"og:description\" content=\"Organizaci\u00f3n de jugadores en el espacio en entrenamiento t\u00e9cnico t\u00e1ctico, centrado en el aprendizaje grupal.\" \/>\n<meta property=\"og:url\" content=\"https:\/\/educatennis.com\/rafanadalacademycamps\/producto\/organizacion-del-espacio\/\" \/>\n<meta property=\"og:site_name\" content=\"Educatennis\" \/>\n<meta property=\"article:publisher\" content=\"https:\/\/www.facebook.com\/educatennis\" \/>\n<meta property=\"article:modified_time\" content=\"2020-06-29T23:25:15+00:00\" \/>\n<meta property=\"og:image\" content=\"https:\/\/educatennis.com\/rafanadalacademycamps\/wp-content\/uploads\/2020\/02\/Tennis_courts_at_Centennial_Sportsplex-2-co\u0300pia-ok.jpg\" \/>\n\t<meta property=\"og:image:width\" content=\"1880\" \/>\n\t<meta property=\"og:image:height\" content=\"1224\" \/>\n<meta name=\"twitter:card\" content=\"summary_large_image\" \/>\n<meta name=\"twitter:label1\" content=\"Tiempo de lectura\" \/>\n\t<meta name=\"twitter:data1\" content=\"4 minutos\" \/>\n<script type=\"application\/ld+json\" class=\"yoast-schema-graph\">{\"@context\":\"https:\/\/schema.org\",\"@graph\":[{\"@type\":\"Organization\",\"@id\":\"https:\/\/educatennis.com\/rafanadalacademycamps\/en\/#organization\",\"name\":\"Educatennis\",\"url\":\"https:\/\/educatennis.com\/rafanadalacademycamps\/en\/\",\"sameAs\":[\"https:\/\/www.facebook.com\/educatennis\",\"https:\/\/www.instagram.com\/educatennis\",\"https:\/\/www.youtube.com\/channel\/UCMVUY-lze1xyVPmFZsbdvyw\"],\"logo\":{\"@type\":\"ImageObject\",\"@id\":\"https:\/\/educatennis.com\/rafanadalacademycamps\/en\/#logo\",\"inLanguage\":\"es\",\"url\":\"https:\/\/educatennis.com\/wp-content\/uploads\/2020\/05\/WPC_-Negativa-color-RGB-1.jpg\",\"contentUrl\":\"https:\/\/educatennis.com\/wp-content\/uploads\/2020\/05\/WPC_-Negativa-color-RGB-1.jpg\",\"width\":169,\"height\":60,\"caption\":\"Educatennis\"},\"image\":{\"@id\":\"https:\/\/educatennis.com\/rafanadalacademycamps\/en\/#logo\"}},{\"@type\":\"WebSite\",\"@id\":\"https:\/\/educatennis.com\/rafanadalacademycamps\/en\/#website\",\"url\":\"https:\/\/educatennis.com\/rafanadalacademycamps\/en\/\",\"name\":\"Educatennis\",\"description\":\"Educatennis\",\"publisher\":{\"@id\":\"https:\/\/educatennis.com\/rafanadalacademycamps\/en\/#organization\"},\"potentialAction\":[{\"@type\":\"SearchAction\",\"target\":{\"@type\":\"EntryPoint\",\"urlTemplate\":\"https:\/\/educatennis.com\/rafanadalacademycamps\/en\/?s={search_term_string}\"},\"query-input\":\"required name=search_term_string\"}],\"inLanguage\":\"es\"},{\"@type\":\"ImageObject\",\"@id\":\"https:\/\/educatennis.com\/rafanadalacademycamps\/producto\/organizacion-del-espacio\/#primaryimage\",\"inLanguage\":\"es\",\"url\":\"https:\/\/educatennis.com\/rafanadalacademycamps\/wp-content\/uploads\/2020\/02\/Tennis_courts_at_Centennial_Sportsplex-2-co\\u0300pia-ok.jpg\",\"contentUrl\":\"https:\/\/educatennis.com\/rafanadalacademycamps\/wp-content\/uploads\/2020\/02\/Tennis_courts_at_Centennial_Sportsplex-2-co\\u0300pia-ok.jpg\",\"width\":1880,\"height\":1224},{\"@type\":\"WebPage\",\"@id\":\"https:\/\/educatennis.com\/rafanadalacademycamps\/producto\/organizacion-del-espacio\/#webpage\",\"url\":\"https:\/\/educatennis.com\/rafanadalacademycamps\/producto\/organizacion-del-espacio\/\",\"name\":\"Organizaci\\u00f3n de espacios - Educatennis\",\"isPartOf\":{\"@id\":\"https:\/\/educatennis.com\/rafanadalacademycamps\/en\/#website\"},\"primaryImageOfPage\":{\"@id\":\"https:\/\/educatennis.com\/rafanadalacademycamps\/producto\/organizacion-del-espacio\/#primaryimage\"},\"datePublished\":\"2020-06-08T23:12:18+00:00\",\"dateModified\":\"2020-06-29T23:25:15+00:00\",\"breadcrumb\":{\"@id\":\"https:\/\/educatennis.com\/rafanadalacademycamps\/producto\/organizacion-del-espacio\/#breadcrumb\"},\"inLanguage\":\"es\",\"potentialAction\":[{\"@type\":\"ReadAction\",\"target\":[\"https:\/\/educatennis.com\/rafanadalacademycamps\/producto\/organizacion-del-espacio\/\"]}]},{\"@type\":\"BreadcrumbList\",\"@id\":\"https:\/\/educatennis.com\/rafanadalacademycamps\/producto\/organizacion-del-espacio\/#breadcrumb\",\"itemListElement\":[{\"@type\":\"ListItem\",\"position\":1,\"name\":\"Portada\",\"item\":\"https:\/\/educatennis.com\/rafanadalacademycamps\/\"},{\"@type\":\"ListItem\",\"position\":2,\"name\":\"Tienda\",\"item\":\"https:\/\/educatennis.com\/rafanadalacademycamps\/tienda\/\"},{\"@type\":\"ListItem\",\"position\":3,\"name\":\"Organizaci\\u00f3n de espacios\"}]}]}<\/script>\n<!-- \/ Yoast SEO plugin. -->","yoast_head_json":{"title":"Organizaci\u00f3n de espacios - Educatennis","robots":{"index":"index","follow":"follow","max-snippet":"max-snippet:-1","max-image-preview":"max-image-preview:large","max-video-preview":"max-video-preview:-1"},"canonical":"https:\/\/educatennis.com\/rafanadalacademycamps\/producto\/organizacion-del-espacio\/","og_locale":"es_ES","og_type":"article","og_title":"Organizaci\u00f3n de espacios - Educatennis","og_description":"Organizaci\u00f3n de jugadores en el espacio en entrenamiento t\u00e9cnico t\u00e1ctico, centrado en el aprendizaje grupal.","og_url":"https:\/\/educatennis.com\/rafanadalacademycamps\/producto\/organizacion-del-espacio\/","og_site_name":"Educatennis","article_publisher":"https:\/\/www.facebook.com\/educatennis","article_modified_time":"2020-06-29T23:25:15+00:00","og_image":[{"width":1880,"height":1224,"url":"https:\/\/educatennis.com\/rafanadalacademycamps\/wp-content\/uploads\/2020\/02\/Tennis_courts_at_Centennial_Sportsplex-2-co\u0300pia-ok.jpg","type":"image\/jpeg"}],"twitter_card":"summary_large_image","twitter_misc":{"Tiempo de lectura":"4 minutos"},"schema":{"@context":"https:\/\/schema.org","@graph":[{"@type":"Organization","@id":"https:\/\/educatennis.com\/rafanadalacademycamps\/en\/#organization","name":"Educatennis","url":"https:\/\/educatennis.com\/rafanadalacademycamps\/en\/","sameAs":["https:\/\/www.facebook.com\/educatennis","https:\/\/www.instagram.com\/educatennis","https:\/\/www.youtube.com\/channel\/UCMVUY-lze1xyVPmFZsbdvyw"],"logo":{"@type":"ImageObject","@id":"https:\/\/educatennis.com\/rafanadalacademycamps\/en\/#logo","inLanguage":"es","url":"https:\/\/educatennis.com\/wp-content\/uploads\/2020\/05\/WPC_-Negativa-color-RGB-1.jpg","contentUrl":"https:\/\/educatennis.com\/wp-content\/uploads\/2020\/05\/WPC_-Negativa-color-RGB-1.jpg","width":169,"height":60,"caption":"Educatennis"},"image":{"@id":"https:\/\/educatennis.com\/rafanadalacademycamps\/en\/#logo"}},{"@type":"WebSite","@id":"https:\/\/educatennis.com\/rafanadalacademycamps\/en\/#website","url":"https:\/\/educatennis.com\/rafanadalacademycamps\/en\/","name":"Educatennis","description":"Educatennis","publisher":{"@id":"https:\/\/educatennis.com\/rafanadalacademycamps\/en\/#organization"},"potentialAction":[{"@type":"SearchAction","target":{"@type":"EntryPoint","urlTemplate":"https:\/\/educatennis.com\/rafanadalacademycamps\/en\/?s={search_term_string}"},"query-input":"required name=search_term_string"}],"inLanguage":"es"},{"@type":"ImageObject","@id":"https:\/\/educatennis.com\/rafanadalacademycamps\/producto\/organizacion-del-espacio\/#primaryimage","inLanguage":"es","url":"https:\/\/educatennis.com\/rafanadalacademycamps\/wp-content\/uploads\/2020\/02\/Tennis_courts_at_Centennial_Sportsplex-2-co\u0300pia-ok.jpg","contentUrl":"https:\/\/educatennis.com\/rafanadalacademycamps\/wp-content\/uploads\/2020\/02\/Tennis_courts_at_Centennial_Sportsplex-2-co\u0300pia-ok.jpg","width":1880,"height":1224},{"@type":"WebPage","@id":"https:\/\/educatennis.com\/rafanadalacademycamps\/producto\/organizacion-del-espacio\/#webpage","url":"https:\/\/educatennis.com\/rafanadalacademycamps\/producto\/organizacion-del-espacio\/","name":"Organizaci\u00f3n de espacios - Educatennis","isPartOf":{"@id":"https:\/\/educatennis.com\/rafanadalacademycamps\/en\/#website"},"primaryImageOfPage":{"@id":"https:\/\/educatennis.com\/rafanadalacademycamps\/producto\/organizacion-del-espacio\/#primaryimage"},"datePublished":"2020-06-08T23:12:18+00:00","dateModified":"2020-06-29T23:25:15+00:00","breadcrumb":{"@id":"https:\/\/educatennis.com\/rafanadalacademycamps\/producto\/organizacion-del-espacio\/#breadcrumb"},"inLanguage":"es","potentialAction":[{"@type":"ReadAction","target":["https:\/\/educatennis.com\/rafanadalacademycamps\/producto\/organizacion-del-espacio\/"]}]},{"@type":"BreadcrumbList","@id":"https:\/\/educatennis.com\/rafanadalacademycamps\/producto\/organizacion-del-espacio\/#breadcrumb","itemListElement":[{"@type":"ListItem","position":1,"name":"Portada","item":"https:\/\/educatennis.com\/rafanadalacademycamps\/"},{"@type":"ListItem","position":2,"name":"Tienda","item":"https:\/\/educatennis.com\/rafanadalacademycamps\/tienda\/"},{"@type":"ListItem","position":3,"name":"Organizaci\u00f3n de espacios"}]}]}},"_links":{"self":[{"href":"https:\/\/educatennis.com\/rafanadalacademycamps\/wp-json\/wp\/v2\/product\/28524"}],"collection":[{"href":"https:\/\/educatennis.com\/rafanadalacademycamps\/wp-json\/wp\/v2\/product"}],"about":[{"href":"https:\/\/educatennis.com\/rafanadalacademycamps\/wp-json\/wp\/v2\/types\/product"}],"replies":[{"embeddable":true,"href":"https:\/\/educatennis.com\/rafanadalacademycamps\/wp-json\/wp\/v2\/comments?post=28524"}],"wp:featuredmedia":[{"embeddable":true,"href":"https:\/\/educatennis.com\/rafanadalacademycamps\/wp-json\/wp\/v2\/media\/13452"}],"wp:attachment":[{"href":"https:\/\/educatennis.com\/rafanadalacademycamps\/wp-json\/wp\/v2\/media?parent=28524"}],"wp:term":[{"taxonomy":"product_cat","embeddable":true,"href":"https:\/\/educatennis.com\/rafanadalacademycamps\/wp-json\/wp\/v2\/product_cat?post=28524"},{"taxonomy":"product_tag","embeddable":true,"href":"https:\/\/educatennis.com\/rafanadalacademycamps\/wp-json\/wp\/v2\/product_tag?post=28524"}],"curies":[{"name":"wp","href":"https:\/\/api.w.org\/{rel}","templated":true}]}}