{"id":28520,"date":"2020-03-01T00:12:24","date_gmt":"2020-06-08T22:53:06","guid":{"rendered":"https:\/\/educatennis.com\/product\/tactica-de-juego-en-el-tenis\/"},"modified":"2020-06-30T01:12:41","modified_gmt":"2020-06-29T23:12:41","slug":"tactica-de-juego-en-el-tenis","status":"publish","type":"product","link":"https:\/\/educatennis.com\/rafanadalacademycamps\/producto\/tactica-de-juego-en-el-tenis\/","title":{"rendered":"T\u00e1ctica de juego en el tenis"},"content":{"rendered":"<p>[vc_row][vc_column]<div id=\"highlight-box-wrap-6085\"  data-ultimate-target='#highlight-box-wrap-6085'  data-responsive-json-new='{\"font-size\":\"desktop:32px;\",\"line-height\":\"\"}'  class=\"ultimate-call-to-action ult-adjust-bottom-margin  ctaction-text-center ult-responsive\" style=\"font-family:Roboto;font-weight:bold;color:#ffffff;background:#e3f501;padding-top:20px;padding-bottom:20px;\"  data-background=\"#e3f501\"  data-background-hover=\"#ecece8\"  data-override=\"0\" ><div class=\"uvc-ctaction-data uvc-ctaction-data-no-effect ult-responsive\"><\/p>\n<h3 style=\"text-align: center;\"><span class=\"tlid-translation translation\" lang=\"es\"><span class=\"\" title=\"\"><span class=\"tlid-translation translation\" lang=\"en\">Aprende las t\u00e1cticas del juego y prepara a tus jugadores para el \u00e9xito.<\/span><\/span><\/span><\/h3>\n<p><\/div><\/div>[\/vc_column][\/vc_row][vc_row][vc_column][vc_empty_space][\/vc_column][\/vc_row][vc_row][vc_column width=\u00bb1\/3&#8243;][vc_column_text]<\/p>\n<h3><b>Objetivos del Curso:<\/b><\/h3>\n<hr \/>\n<p>Educatennis ofrece al entrenador un an\u00e1lisis profundo de los aspectos fundamentales de las t\u00e1cticas del juego de singles y te ayuda a ense\u00f1arlo a tus jugadores.<\/p>\n<p>Las t\u00e1cticas de tenis son una parte fundamental del juego. De hecho, todos los dem\u00e1s aspectos del juego como la t\u00e9cnica, la aptitud, las habilidades mentales, o el footwork tienen un objetivo t\u00e1ctico en el juego. Por ejemplo, desarrollas un buen trabajo de pies para cubrir eficientemente la cancha, desarrollas efecto liftado en tus tomas de l\u00ednea de base para poder mantener un juego de l\u00ednea de base consistente y agresivo. Esta es la raz\u00f3n por la que la comprensi\u00f3n del prop\u00f3sito t\u00e1ctico en todas las diferentes situaciones en el juego dar\u00e1 a sus jugadores una ventaja competitiva.<\/p>\n<p>Te damos los conceptos t\u00e1cticos que m\u00e1s marcar\u00e1n la diferencia en el juego de tu jugador, as\u00ed como las mejores maneras de ense\u00f1arles,[\/vc_column_text][\/vc_column][vc_column width=\u00bb1\/3&#8243;][vc_column_text]<\/p>\n<h3><b>Quick wins:<\/b><\/h3>\n<hr \/>\n<ul>\n<li><span class=\"tlid-translation translation\" lang=\"en\"><span class=\"\" title=\"\">Reciba un estudio completo del trabajo de pies de tenis y el posicionamiento de la cancha de una manera ordenada y f\u00e1cil de entender. (\u00bfQu\u00e9 debe saber el jugador?)<\/span><\/span><\/li>\n<li><span class=\"tlid-translation translation\" lang=\"en\"><span class=\"\" title=\"\">Recibe una gu\u00eda sobre c\u00f3mo introducir estos conceptos a los jugadores: integrar nuevas din\u00e1micas en pista, maximizando el cumplimiento y el desarrollo de los jugadores. <\/span><\/span><\/li>\n<li><span class=\"tlid-translation translation\" lang=\"en\"><span class=\"\" title=\"\">Posicionarse como un gran entrenador, siendo capaz de transmitir conocimiento de una manera f\u00e1cil y ordenada a sus jugadores.<\/span><\/span><\/li>\n<\/ul>\n<p>[\/vc_column_text][\/vc_column][vc_column width=\u00bb1\/3&#8243;][vc_column_text]<\/p>\n<h3><b>Qu\u00e9 incluye<\/b><\/h3>\n<hr \/>\n<ul>\n<li>Acceso de por vida a los contenidos<\/li>\n<li>Documentos y soporte de v\u00eddeo<\/li>\n<li>Acceso m\u00f3vil<\/li>\n<li>Certificado de finalizaci\u00f3n<\/li>\n<\/ul>\n<p>[\/vc_column_text][\/vc_column][\/vc_row][vc_row][vc_column][vc_empty_space][\/vc_column][\/vc_row][vc_row][vc_column][vc_cta h2=\u00bbDirigido a:\u00bb h2_font_container=\u00bbcolor:%23e3f501&#8243; h2_use_theme_fonts=\u00bbyes\u00bb h4_use_theme_fonts=\u00bbyes\u00bb txt_align=\u00bbcenter\u00bb style=\u00bbcustom\u00bb use_custom_fonts_h2=\u00bbtrue\u00bb use_custom_fonts_h4=\u00bbtrue\u00bb custom_background=\u00bb#808080&#8243; custom_text=\u00bb#ffffff\u00bb]Entrenadores de diferentes programas de tenis (programas juveniles, escuela media, bachillerato, privados) y padres que quieren ayudar a sus jugadores a entender y dominar las t\u00e1cticas en el juego individual.[\/vc_cta][vc_empty_space][vc_separator][vc_empty_space][\/vc_column][\/vc_row][vc_row][vc_column][\/vc_column][\/vc_row][vc_row][vc_column width=\u00bb1\/6&#8243;][vc_icon icon_fontawesome=\u00bbfar fa-lightbulb\u00bb color=\u00bbcustom\u00bb custom_color=\u00bb#c4d600&#8243;][\/vc_column][vc_column width=\u00bb2\/3&#8243;][vc_column_text el_class=\u00bbcontainer\u00bb]<\/p>\n<h3 style=\"text-align: center;\">Lecciones del curso:<\/h3>\n<p>[\/vc_column_text][vc_separator color=\u00bbcustom\u00bb accent_color=\u00bb#c4d600&#8243;][\/vc_column][vc_column width=\u00bb1\/6&#8243;][\/vc_column][\/vc_row][vc_row el_class=\u00bbcontainer\u00bb][vc_column][vc_empty_space][vc_column_text]1 \u2013 El Juego de Consistencia, Contenci\u00f3n y Neutral.<br \/>\n2 \u2013 Las Defensas.<br \/>\n3 \u2013 Las defensas en absorci\u00f3n.<br \/>\n5 \u2013 Los Cambios de direcciones<br \/>\n<a href=\"https:\/\/educatennis.com\/free-trial\/\"><strong>4 \u2013 Las Preparaciones de Jugadas (Haga click aqu\u00ed para tener acceso a la versi\u00f3n de prueba gratuita)<\/strong><\/a><br \/>\n<a href=\"https:\/\/educatennis.com\/free-trial\/\"><strong>6 \u2013 Reconocer los ataques dentro de la pista (<\/strong><\/a><strong><a href=\"https:\/\/educatennis.com\/free-trial\/\">Haga click aqu\u00ed para tener acceso a la versi\u00f3n de prueba gratuita<\/a>)<\/strong><br \/>\n7 \u2013 Las aproximaciones a la Red.<br \/>\n8 \u2013 La Derecha invertida y como contrarrestarla.<br \/>\n10 \u2013 Cargar 2-3 golpeos al golpe flojo del oponente para iniciar una ataque al hueco.<br \/>\n11 \u2013 El Juego a Contra pi\u00e9 o al Hueco.<br \/>\n12 \u2013 Empujar al oponente hacia atr\u00e1s para atacarle paralelo, corto, abierto o raso y hacia fuera de la pista.<br \/>\n13 \u2013 Preparar corto y atacar largo.<br \/>\n14 \u2013 En Posiciones defensivas quitar tiempo a la pelota y al oponente.<br \/>\n15 \u2013 En posiciones ofensivas quitar tiempo a la pelota y al oponente.<br \/>\n16 \u2013 El Servicio y los 2 posteriores golpeos de fondo.<br \/>\n17 \u2013 El Servicio y Red \/ Resto y Red.<br \/>\n18 \u2013 El juego de Red.<br \/>\n19 \u2013 Conceptos T\u00e1cticos generales del dobles.<\/p>\n<p>[\/vc_column_text][vc_empty_space][\/vc_column][\/vc_row]<\/p>\n","protected":false},"excerpt":{"rendered":"<p>Curso sobre los diferentes par\u00e1metros t\u00e1cticos y estrat\u00e9gicos seg\u00fan la situaci\u00f3n del juego<\/p>\n","protected":false},"featured_media":13444,"comment_status":"open","ping_status":"closed","template":"","meta":[],"product_cat":[124],"product_tag":[213,265,220,218],"acf":[],"yoast_head":"<!-- This site is optimized with the Yoast SEO plugin v17.6 - https:\/\/yoast.com\/wordpress\/plugins\/seo\/ -->\n<title>T\u00e1ctica de juego en el tenis - Educatennis<\/title>\n<meta name=\"robots\" content=\"index, follow, max-snippet:-1, max-image-preview:large, max-video-preview:-1\" \/>\n<link rel=\"canonical\" href=\"https:\/\/educatennis.com\/rafanadalacademycamps\/producto\/tactica-de-juego-en-el-tenis\/\" \/>\n<meta property=\"og:locale\" content=\"es_ES\" \/>\n<meta property=\"og:type\" content=\"article\" \/>\n<meta property=\"og:title\" content=\"T\u00e1ctica de juego en el tenis - Educatennis\" \/>\n<meta property=\"og:description\" content=\"Curso sobre los diferentes par\u00e1metros t\u00e1cticos y estrat\u00e9gicos seg\u00fan la situaci\u00f3n del juego\" \/>\n<meta property=\"og:url\" content=\"https:\/\/educatennis.com\/rafanadalacademycamps\/producto\/tactica-de-juego-en-el-tenis\/\" \/>\n<meta property=\"og:site_name\" content=\"Educatennis\" \/>\n<meta property=\"article:publisher\" content=\"https:\/\/www.facebook.com\/educatennis\" \/>\n<meta property=\"article:modified_time\" content=\"2020-06-29T23:12:41+00:00\" \/>\n<meta property=\"og:image\" content=\"https:\/\/educatennis.com\/rafanadalacademycamps\/wp-content\/uploads\/2020\/02\/tennis_sport_tennis_ball-491989.jpgd-ok.jpg\" \/>\n\t<meta property=\"og:image:width\" content=\"1880\" \/>\n\t<meta property=\"og:image:height\" content=\"1255\" \/>\n<meta name=\"twitter:card\" content=\"summary_large_image\" \/>\n<meta name=\"twitter:label1\" content=\"Tiempo de lectura\" \/>\n\t<meta name=\"twitter:data1\" content=\"4 minutos\" \/>\n<script type=\"application\/ld+json\" class=\"yoast-schema-graph\">{\"@context\":\"https:\/\/schema.org\",\"@graph\":[{\"@type\":\"Organization\",\"@id\":\"https:\/\/educatennis.com\/rafanadalacademycamps\/en\/#organization\",\"name\":\"Educatennis\",\"url\":\"https:\/\/educatennis.com\/rafanadalacademycamps\/en\/\",\"sameAs\":[\"https:\/\/www.facebook.com\/educatennis\",\"https:\/\/www.instagram.com\/educatennis\",\"https:\/\/www.youtube.com\/channel\/UCMVUY-lze1xyVPmFZsbdvyw\"],\"logo\":{\"@type\":\"ImageObject\",\"@id\":\"https:\/\/educatennis.com\/rafanadalacademycamps\/en\/#logo\",\"inLanguage\":\"es\",\"url\":\"https:\/\/educatennis.com\/wp-content\/uploads\/2020\/05\/WPC_-Negativa-color-RGB-1.jpg\",\"contentUrl\":\"https:\/\/educatennis.com\/wp-content\/uploads\/2020\/05\/WPC_-Negativa-color-RGB-1.jpg\",\"width\":169,\"height\":60,\"caption\":\"Educatennis\"},\"image\":{\"@id\":\"https:\/\/educatennis.com\/rafanadalacademycamps\/en\/#logo\"}},{\"@type\":\"WebSite\",\"@id\":\"https:\/\/educatennis.com\/rafanadalacademycamps\/en\/#website\",\"url\":\"https:\/\/educatennis.com\/rafanadalacademycamps\/en\/\",\"name\":\"Educatennis\",\"description\":\"Educatennis\",\"publisher\":{\"@id\":\"https:\/\/educatennis.com\/rafanadalacademycamps\/en\/#organization\"},\"potentialAction\":[{\"@type\":\"SearchAction\",\"target\":{\"@type\":\"EntryPoint\",\"urlTemplate\":\"https:\/\/educatennis.com\/rafanadalacademycamps\/en\/?s={search_term_string}\"},\"query-input\":\"required name=search_term_string\"}],\"inLanguage\":\"es\"},{\"@type\":\"ImageObject\",\"@id\":\"https:\/\/educatennis.com\/rafanadalacademycamps\/producto\/tactica-de-juego-en-el-tenis\/#primaryimage\",\"inLanguage\":\"es\",\"url\":\"https:\/\/educatennis.com\/rafanadalacademycamps\/wp-content\/uploads\/2020\/02\/tennis_sport_tennis_ball-491989.jpgd-ok.jpg\",\"contentUrl\":\"https:\/\/educatennis.com\/rafanadalacademycamps\/wp-content\/uploads\/2020\/02\/tennis_sport_tennis_ball-491989.jpgd-ok.jpg\",\"width\":1880,\"height\":1255},{\"@type\":\"WebPage\",\"@id\":\"https:\/\/educatennis.com\/rafanadalacademycamps\/producto\/tactica-de-juego-en-el-tenis\/#webpage\",\"url\":\"https:\/\/educatennis.com\/rafanadalacademycamps\/producto\/tactica-de-juego-en-el-tenis\/\",\"name\":\"T\\u00e1ctica de juego en el tenis - Educatennis\",\"isPartOf\":{\"@id\":\"https:\/\/educatennis.com\/rafanadalacademycamps\/en\/#website\"},\"primaryImageOfPage\":{\"@id\":\"https:\/\/educatennis.com\/rafanadalacademycamps\/producto\/tactica-de-juego-en-el-tenis\/#primaryimage\"},\"datePublished\":\"2020-06-08T22:53:06+00:00\",\"dateModified\":\"2020-06-29T23:12:41+00:00\",\"breadcrumb\":{\"@id\":\"https:\/\/educatennis.com\/rafanadalacademycamps\/producto\/tactica-de-juego-en-el-tenis\/#breadcrumb\"},\"inLanguage\":\"es\",\"potentialAction\":[{\"@type\":\"ReadAction\",\"target\":[\"https:\/\/educatennis.com\/rafanadalacademycamps\/producto\/tactica-de-juego-en-el-tenis\/\"]}]},{\"@type\":\"BreadcrumbList\",\"@id\":\"https:\/\/educatennis.com\/rafanadalacademycamps\/producto\/tactica-de-juego-en-el-tenis\/#breadcrumb\",\"itemListElement\":[{\"@type\":\"ListItem\",\"position\":1,\"name\":\"Portada\",\"item\":\"https:\/\/educatennis.com\/rafanadalacademycamps\/\"},{\"@type\":\"ListItem\",\"position\":2,\"name\":\"Tienda\",\"item\":\"https:\/\/educatennis.com\/rafanadalacademycamps\/tienda\/\"},{\"@type\":\"ListItem\",\"position\":3,\"name\":\"T\\u00e1ctica de juego en el tenis\"}]}]}<\/script>\n<!-- \/ Yoast SEO plugin. -->","yoast_head_json":{"title":"T\u00e1ctica de juego en el tenis - Educatennis","robots":{"index":"index","follow":"follow","max-snippet":"max-snippet:-1","max-image-preview":"max-image-preview:large","max-video-preview":"max-video-preview:-1"},"canonical":"https:\/\/educatennis.com\/rafanadalacademycamps\/producto\/tactica-de-juego-en-el-tenis\/","og_locale":"es_ES","og_type":"article","og_title":"T\u00e1ctica de juego en el tenis - Educatennis","og_description":"Curso sobre los diferentes par\u00e1metros t\u00e1cticos y estrat\u00e9gicos seg\u00fan la situaci\u00f3n del juego","og_url":"https:\/\/educatennis.com\/rafanadalacademycamps\/producto\/tactica-de-juego-en-el-tenis\/","og_site_name":"Educatennis","article_publisher":"https:\/\/www.facebook.com\/educatennis","article_modified_time":"2020-06-29T23:12:41+00:00","og_image":[{"width":1880,"height":1255,"url":"https:\/\/educatennis.com\/rafanadalacademycamps\/wp-content\/uploads\/2020\/02\/tennis_sport_tennis_ball-491989.jpgd-ok.jpg","type":"image\/jpeg"}],"twitter_card":"summary_large_image","twitter_misc":{"Tiempo de lectura":"4 minutos"},"schema":{"@context":"https:\/\/schema.org","@graph":[{"@type":"Organization","@id":"https:\/\/educatennis.com\/rafanadalacademycamps\/en\/#organization","name":"Educatennis","url":"https:\/\/educatennis.com\/rafanadalacademycamps\/en\/","sameAs":["https:\/\/www.facebook.com\/educatennis","https:\/\/www.instagram.com\/educatennis","https:\/\/www.youtube.com\/channel\/UCMVUY-lze1xyVPmFZsbdvyw"],"logo":{"@type":"ImageObject","@id":"https:\/\/educatennis.com\/rafanadalacademycamps\/en\/#logo","inLanguage":"es","url":"https:\/\/educatennis.com\/wp-content\/uploads\/2020\/05\/WPC_-Negativa-color-RGB-1.jpg","contentUrl":"https:\/\/educatennis.com\/wp-content\/uploads\/2020\/05\/WPC_-Negativa-color-RGB-1.jpg","width":169,"height":60,"caption":"Educatennis"},"image":{"@id":"https:\/\/educatennis.com\/rafanadalacademycamps\/en\/#logo"}},{"@type":"WebSite","@id":"https:\/\/educatennis.com\/rafanadalacademycamps\/en\/#website","url":"https:\/\/educatennis.com\/rafanadalacademycamps\/en\/","name":"Educatennis","description":"Educatennis","publisher":{"@id":"https:\/\/educatennis.com\/rafanadalacademycamps\/en\/#organization"},"potentialAction":[{"@type":"SearchAction","target":{"@type":"EntryPoint","urlTemplate":"https:\/\/educatennis.com\/rafanadalacademycamps\/en\/?s={search_term_string}"},"query-input":"required name=search_term_string"}],"inLanguage":"es"},{"@type":"ImageObject","@id":"https:\/\/educatennis.com\/rafanadalacademycamps\/producto\/tactica-de-juego-en-el-tenis\/#primaryimage","inLanguage":"es","url":"https:\/\/educatennis.com\/rafanadalacademycamps\/wp-content\/uploads\/2020\/02\/tennis_sport_tennis_ball-491989.jpgd-ok.jpg","contentUrl":"https:\/\/educatennis.com\/rafanadalacademycamps\/wp-content\/uploads\/2020\/02\/tennis_sport_tennis_ball-491989.jpgd-ok.jpg","width":1880,"height":1255},{"@type":"WebPage","@id":"https:\/\/educatennis.com\/rafanadalacademycamps\/producto\/tactica-de-juego-en-el-tenis\/#webpage","url":"https:\/\/educatennis.com\/rafanadalacademycamps\/producto\/tactica-de-juego-en-el-tenis\/","name":"T\u00e1ctica de juego en el tenis - Educatennis","isPartOf":{"@id":"https:\/\/educatennis.com\/rafanadalacademycamps\/en\/#website"},"primaryImageOfPage":{"@id":"https:\/\/educatennis.com\/rafanadalacademycamps\/producto\/tactica-de-juego-en-el-tenis\/#primaryimage"},"datePublished":"2020-06-08T22:53:06+00:00","dateModified":"2020-06-29T23:12:41+00:00","breadcrumb":{"@id":"https:\/\/educatennis.com\/rafanadalacademycamps\/producto\/tactica-de-juego-en-el-tenis\/#breadcrumb"},"inLanguage":"es","potentialAction":[{"@type":"ReadAction","target":["https:\/\/educatennis.com\/rafanadalacademycamps\/producto\/tactica-de-juego-en-el-tenis\/"]}]},{"@type":"BreadcrumbList","@id":"https:\/\/educatennis.com\/rafanadalacademycamps\/producto\/tactica-de-juego-en-el-tenis\/#breadcrumb","itemListElement":[{"@type":"ListItem","position":1,"name":"Portada","item":"https:\/\/educatennis.com\/rafanadalacademycamps\/"},{"@type":"ListItem","position":2,"name":"Tienda","item":"https:\/\/educatennis.com\/rafanadalacademycamps\/tienda\/"},{"@type":"ListItem","position":3,"name":"T\u00e1ctica de juego en el tenis"}]}]}},"_links":{"self":[{"href":"https:\/\/educatennis.com\/rafanadalacademycamps\/wp-json\/wp\/v2\/product\/28520"}],"collection":[{"href":"https:\/\/educatennis.com\/rafanadalacademycamps\/wp-json\/wp\/v2\/product"}],"about":[{"href":"https:\/\/educatennis.com\/rafanadalacademycamps\/wp-json\/wp\/v2\/types\/product"}],"replies":[{"embeddable":true,"href":"https:\/\/educatennis.com\/rafanadalacademycamps\/wp-json\/wp\/v2\/comments?post=28520"}],"wp:featuredmedia":[{"embeddable":true,"href":"https:\/\/educatennis.com\/rafanadalacademycamps\/wp-json\/wp\/v2\/media\/13444"}],"wp:attachment":[{"href":"https:\/\/educatennis.com\/rafanadalacademycamps\/wp-json\/wp\/v2\/media?parent=28520"}],"wp:term":[{"taxonomy":"product_cat","embeddable":true,"href":"https:\/\/educatennis.com\/rafanadalacademycamps\/wp-json\/wp\/v2\/product_cat?post=28520"},{"taxonomy":"product_tag","embeddable":true,"href":"https:\/\/educatennis.com\/rafanadalacademycamps\/wp-json\/wp\/v2\/product_tag?post=28520"}],"curies":[{"name":"wp","href":"https:\/\/api.w.org\/{rel}","templated":true}]}}