{"id":29739,"date":"2020-09-08T23:32:55","date_gmt":"2020-09-08T21:32:55","guid":{"rendered":"https:\/\/educatennis.com\/?page_id=29739"},"modified":"2021-01-23T19:28:23","modified_gmt":"2021-01-23T18:28:23","slug":"educa-en-el-mundo","status":"publish","type":"page","link":"https:\/\/educatennis.com\/rafanadalacademycamps\/educa-en-el-mundo\/","title":{"rendered":"Educa en el mundo"},"content":{"rendered":"<p>[vc_row full_width=\u00bbstretch_row_content_no_spaces\u00bb gap=\u00bb30&#8243; bg_type=\u00bbbg_color\u00bb bg_override=\u00bbfull\u00bb css=\u00bb.vc_custom_1590055832387{padding-top: 40px !important;padding-bottom: 40px !important;}\u00bb el_id=\u00bbcursos-destacados-wrapper\u00bb el_class=\u00bbtraining-bloc\u00bb][vc_column][vc_column_text]<\/p>\n<p style=\"text-align: center;\"><div class=\"map_wrapper\" id=\"map_wrapper_29736\">\n\t\t\t\t<div class=\"map_box\" style=\"max-width:2200px\">\n\t\t\t\t\t\n\t\t\t\t\t<div class=\"map_aspect_ratio\" style=\"padding-top:56%\">\n\t\t\t\t\t\t<div class=\"map_container\">\n\t\t\t\t\t\t\t<div class=\"map_render map_loading\" id=\"map_29736\"><\/div>\n\t\t\t\t\t\t<\/div>\n\t\t\t\t\t<\/div>\n\t\t\t\t<\/div>\n\t\t\t<\/div>\n<p>[\/vc_column_text][\/vc_column][\/vc_row][vc_row full_width=\u00bbstretch_row_content_no_spaces\u00bb bg_type=\u00bbbg_color\u00bb css=\u00bb.vc_custom_1590021285234{padding-top: 40px !important;padding-bottom: 80px !important;}\u00bb bg_color_value=\u00bb#4c4c4c\u00bb][vc_column][vc_column_text el_class=\u00bbmax-width-limited-body\u00bb]<\/p>\n<h3 class=\"tipo-programes\" style=\"text-align: center; color: #ecece8;\"><span style=\"color: #ffffff;\">\u00abLife is like a tennis game. You can&#8217;t win without serving\u00bb<\/span><\/h3>\n<h4 style=\"text-align: center; color: #ecece8;\"><span style=\"color: #ffffff;\">&#8211; Arthur Ashe<\/span><\/h4>\n<p>[\/vc_column_text][\/vc_column][\/vc_row][vc_row gap=\u00bb35&#8243; bg_type=\u00bbbg_color\u00bb bg_override=\u00bbfull\u00bb css=\u00bb.vc_custom_1570607712289{padding-top: 80px !important;padding-bottom: 40px !important;}\u00bb][vc_column][vc_row_inner][vc_column_inner width=\u00bb1\/2&#8243; css=\u00bb.vc_custom_1570607847711{margin-bottom: 40px !important;}\u00bb][vc_column_text]<\/p>\n<h2 class=\"border-title aligncenter\">NUESTRA VISI\u00d3N<\/h2>\n<h4 style=\"text-align: center;\"><i>\u201cMentoring the coach. Empowering the people\u00bb.<\/i><\/h4>\n<p><span class=\"tlid-translation translation\" lang=\"es\"><span title=\"\">Nacido en el 2001, nuestro modelo de ense\u00f1anza del tenis cuenta con m\u00e1s de 20 a\u00f1os de experiencia. El m\u00e9todo Educatennis ha ayudado a entrenadores y clubes de todo el mundo a desarrollar jugadores de cualquier edad en su carrera ten\u00edstica.<\/span> <span class=\"\" title=\"\">Educatennis cuenta con una comunidad de profesionales internacionales que quieren acompa\u00f1ar el crecimiento de la pr\u00f3xima generaci\u00f3n de entrenadores con el apoyo de las tecnolog\u00eda del siglo XXI y la fuerza del trabajo en red.<br \/>\n<\/span><\/span>[\/vc_column_text][\/vc_column_inner][vc_column_inner width=\u00bb1\/2&#8243;][vc_single_image image=\u00bb13054&#8243; img_size=\u00bblarge\u00bb alignment=\u00bbcenter\u00bb][\/vc_column_inner][\/vc_row_inner][\/vc_column][\/vc_row][vc_row gap=\u00bb35&#8243; bg_type=\u00bbbg_color\u00bb bg_override=\u00bbfull\u00bb css=\u00bb.vc_custom_1570607712289{padding-top: 80px !important;padding-bottom: 40px !important;}\u00bb][vc_column width=\u00bb1\/2&#8243;][vc_column_text]<\/p>\n<h2 class=\"border-title aligncenter\">NUESTRO EQUIPO<\/h2>\n<h4 style=\"text-align: center;\"><i>\u201c#Sportstech and #sportspassion\u00bb.<\/i><\/h4>\n<p><span class=\"tlid-translation translation\" lang=\"es\"><span title=\"\">Educatennis cuenta con un grupo de profesionales unidos pos su pasi\u00f3n por el rendimiento deportivo y las nuevas tecnolog\u00edas. De or\u00edgen y formaci\u00f3n muy diversa, nos hemos unido para redise\u00f1ar un proyecto educativo de \u00e9xito y crear un instrumento que contribuya a acercar el deporte a todas las capas de la sociedad. Nuestro or\u00edgen es el tennis, pero el deporte no tiene fronteras.<\/span><span class=\"\" title=\"\"><br \/>\n<\/span><\/span>[\/vc_column_text][\/vc_column][vc_column width=\u00bb1\/2&#8243;][vc_single_image image=\u00bb9881&#8243; img_size=\u00bblarge\u00bb alignment=\u00bbcenter\u00bb][\/vc_column][\/vc_row][vc_row gap=\u00bb35&#8243; bg_type=\u00bbbg_color\u00bb bg_override=\u00bbfull\u00bb css=\u00bb.vc_custom_1570607712289{padding-top: 80px !important;padding-bottom: 40px !important;}\u00bb][vc_column width=\u00bb1\/2&#8243;][vc_column_text]<\/p>\n<h2 class=\"border-title aligncenter\">NUESTRO FUNDADOR<\/h2>\n<h4 style=\"text-align: center;\"><i>Joel Figueras Torras<br \/>\n<\/i><\/h4>\n<p><span class=\"tlid-translation translation\" lang=\"es\"><span title=\"\">Nacido en Barcelona el 7 de setiembre de 1964,\u00a0 Joel lleva toda la vida dedicada al mundo del tenis. Despu\u00e9s de su etapa como tenista profesional, inici\u00f3 su andadura como entrenador de tenistas profesionales a los 25 a\u00f1os de edad, llegando en poco tiempo a ser entrenador del equipo Mexicano de la Copa Davis (eliminatoria grupo mundial Espa\u00f1a &#8211; M\u00e9xico, Marbella 1989, ). En la actualidad, y tras una dilatada carrera, ejerce como consultor<span class=\"lt-line-clamp__raw-line\"> independiente asesorando a Escuelas de Tennis, Academias de alto Rendimiento y Federaciones de prestigio internacional como la USTA de Estados Unidos (2013-2015). Padre de tres hijos, Noah, Ian y Gen\u00eds, Joel es un \u00abnatural-born-leader\u00bb, carism\u00e1tico, generoso y optimista. Transmite el amor por el deporte a quienes le rodean con la dosis exacta de pasi\u00f3n y conocimiento. <\/span><\/span><span class=\"\" title=\"\"><br \/>\n<\/span><\/span>[\/vc_column_text][\/vc_column][vc_column width=\u00bb1\/2&#8243;][vc_single_image image=\u00bb27759&#8243; img_size=\u00bblarge\u00bb alignment=\u00bbcenter\u00bb onclick=\u00bbcustom_link\u00bb img_link_target=\u00bb_blank\u00bb link=\u00bbhttps:\/\/www.linkedin.com\/in\/joel-figueras-3a845831\/\u00bb][\/vc_column][\/vc_row][vc_row][vc_column][vc_column_text]<\/p>\n<h3 style=\"text-align: center;\">CONTACTANOS<\/h3>\n<p>[\/vc_column_text][vc_empty_space]<div role=\"form\" class=\"wpcf7\" id=\"wpcf7-f8346-o1\" lang=\"en-US\" dir=\"ltr\">\n<div class=\"screen-reader-response\"><p role=\"status\" aria-live=\"polite\" aria-atomic=\"true\"><\/p> <ul><\/ul><\/div>\n<form action=\"\/rafanadalacademycamps\/wp-json\/wp\/v2\/pages\/29739#wpcf7-f8346-o1\" method=\"post\" class=\"wpcf7-form init\" novalidate=\"novalidate\" data-status=\"init\">\n<div style=\"display: none;\">\n<input type=\"hidden\" name=\"_wpcf7\" value=\"8346\" \/>\n<input type=\"hidden\" name=\"_wpcf7_version\" value=\"5.5.2\" \/>\n<input type=\"hidden\" name=\"_wpcf7_locale\" value=\"en_US\" \/>\n<input type=\"hidden\" name=\"_wpcf7_unit_tag\" value=\"wpcf7-f8346-o1\" \/>\n<input type=\"hidden\" name=\"_wpcf7_container_post\" value=\"0\" \/>\n<input type=\"hidden\" name=\"_wpcf7_posted_data_hash\" value=\"\" \/>\n<\/div>\n<div id=\"contact-form\">\n<p>\n<span class=\"fa fa-user\"> <\/span> <span class=\"wpcf7-form-control-wrap your-name\"><input type=\"text\" name=\"your-name\" value=\"\" size=\"40\" class=\"wpcf7-form-control wpcf7-text wpcf7-validates-as-required\" aria-required=\"true\" aria-invalid=\"false\" placeholder=\"Tu nombre y apellidos\" \/><\/span>\n<\/p>\n<p>\n<span class=\"fa fa-envelope-o\"> <\/span><span class=\"wpcf7-form-control-wrap your-email\"><input type=\"email\" name=\"your-email\" value=\"\" size=\"40\" class=\"wpcf7-form-control wpcf7-text wpcf7-email wpcf7-validates-as-required wpcf7-validates-as-email\" aria-required=\"true\" aria-invalid=\"false\" placeholder=\"Email\" \/><\/span>\n<\/p>\n<p>\n<span class=\"fa fa-file-text-o\"> <\/span><span class=\"wpcf7-form-control-wrap your-subject\"><input type=\"text\" name=\"your-subject\" value=\"\" size=\"40\" class=\"wpcf7-form-control wpcf7-text wpcf7-validates-as-required\" aria-required=\"true\" aria-invalid=\"false\" placeholder=\"Asunto\" \/><\/span> <\/label>\n<\/p>\n<p class=\"textarea-field\">\n<span class=\"fa fa-file-text-o\"> <\/span><span class=\"wpcf7-form-control-wrap your-message\"><textarea name=\"your-message\" cols=\"40\" rows=\"10\" class=\"wpcf7-form-control wpcf7-textarea wpcf7-validates-as-required\" aria-required=\"true\" aria-invalid=\"false\" placeholder=\"Mensaje\"><\/textarea><\/span>\n<\/p>\n<p><label><br \/>\n<span class=\"wpcf7-form-control-wrap proteccion-datos\"><span class=\"wpcf7-form-control wpcf7-acceptance\"><span class=\"wpcf7-list-item\"><label><input type=\"checkbox\" name=\"proteccion-datos\" value=\"1\" aria-invalid=\"false\" \/><span class=\"wpcf7-list-item-label\">He le\u00eddo y acepto la <a class=\"privacy-link\" href=\"https:\/\/educatennis.com\/es\/politica-de-privacidad\/\">pol\u00edtica de privacidad<\/a>.<\/span><\/label><\/span><\/span><\/span><br \/>\n<\/label><\/p>\n<p><label><br \/>\n<span class=\"wpcf7-form-control-wrap archivar-datos\"><span class=\"wpcf7-form-control wpcf7-acceptance\"><span class=\"wpcf7-list-item\"><label><input type=\"checkbox\" name=\"archivar-datos\" value=\"1\" aria-invalid=\"false\" \/><span class=\"wpcf7-list-item-label\">Autorizo al env\u00edo de informaci\u00f3n relacionada con esta consulta.<\/span><\/label><\/span><\/span><\/span><br \/>\n<\/label><\/p>\n<p class=\"submit\"> <input type=\"submit\" value=\"Enviar\" class=\"wpcf7-form-control has-spinner wpcf7-submit\" \/> <\/p>\n<\/div>\n<div class=\"inv-recaptcha-holder\"><\/div><div class=\"wpcf7-response-output\" aria-hidden=\"true\"><\/div><\/form><\/div>[\/vc_column][\/vc_row]<\/p>\n","protected":false},"excerpt":{"rendered":"<p>[vc_row full_width=\u00bbstretch_row_content_no_spaces\u00bb gap=\u00bb30&#8243; bg_type=\u00bbbg_color\u00bb bg_override=\u00bbfull\u00bb css=\u00bb.vc_custom_1590055832387{padding-top: 40px !important;padding-bottom: 40px !important;}\u00bb el_id=\u00bbcursos-destacados-wrapper\u00bb el_class=\u00bbtraining-bloc\u00bb][vc_column][vc_column_text] [\/vc_column_text][\/vc_column][\/vc_row][vc_row full_width=\u00bbstretch_row_content_no_spaces\u00bb bg_type=\u00bbbg_color\u00bb css=\u00bb.vc_custom_1590021285234{padding-top: 40px !important;padding-bottom: 80px !important;}\u00bb bg_color_value=\u00bb#4c4c4c\u00bb][vc_column][vc_column_text el_class=\u00bbmax-width-limited-body\u00bb] \u00abLife is like [&hellip;]<\/p>\n","protected":false},"author":6,"featured_media":0,"parent":0,"menu_order":0,"comment_status":"closed","ping_status":"closed","template":"","meta":[],"acf":[],"yoast_head":"<!-- This site is optimized with the Yoast SEO plugin v17.6 - https:\/\/yoast.com\/wordpress\/plugins\/seo\/ -->\n<title>Educa en el mundo - Educatennis<\/title>\n<meta name=\"robots\" content=\"index, follow, max-snippet:-1, max-image-preview:large, max-video-preview:-1\" \/>\n<link rel=\"canonical\" href=\"https:\/\/educatennis.com\/rafanadalacademycamps\/educa-en-el-mundo\/\" \/>\n<meta property=\"og:locale\" content=\"es_ES\" \/>\n<meta property=\"og:type\" content=\"article\" \/>\n<meta property=\"og:title\" content=\"Educa en el mundo - Educatennis\" \/>\n<meta property=\"og:description\" content=\"[vc_row full_width=\u00bbstretch_row_content_no_spaces\u00bb gap=\u00bb30&#8243; bg_type=\u00bbbg_color\u00bb bg_override=\u00bbfull\u00bb css=\u00bb.vc_custom_1590055832387{padding-top: 40px !important;padding-bottom: 40px !important;}\u00bb el_id=\u00bbcursos-destacados-wrapper\u00bb el_class=\u00bbtraining-bloc\u00bb][vc_column][vc_column_text] [\/vc_column_text][\/vc_column][\/vc_row][vc_row full_width=\u00bbstretch_row_content_no_spaces\u00bb bg_type=\u00bbbg_color\u00bb css=\u00bb.vc_custom_1590021285234{padding-top: 40px !important;padding-bottom: 80px !important;}\u00bb bg_color_value=\u00bb#4c4c4c\u00bb][vc_column][vc_column_text el_class=\u00bbmax-width-limited-body\u00bb] \u00abLife is like [&hellip;]\" \/>\n<meta property=\"og:url\" content=\"https:\/\/educatennis.com\/rafanadalacademycamps\/educa-en-el-mundo\/\" \/>\n<meta property=\"og:site_name\" content=\"Educatennis\" \/>\n<meta property=\"article:publisher\" content=\"https:\/\/www.facebook.com\/educatennis\" \/>\n<meta property=\"article:modified_time\" content=\"2021-01-23T18:28:23+00:00\" \/>\n<meta name=\"twitter:card\" content=\"summary_large_image\" \/>\n<meta name=\"twitter:label1\" content=\"Tiempo de lectura\" \/>\n\t<meta name=\"twitter:data1\" content=\"3 minutos\" \/>\n<script type=\"application\/ld+json\" class=\"yoast-schema-graph\">{\"@context\":\"https:\/\/schema.org\",\"@graph\":[{\"@type\":\"Organization\",\"@id\":\"https:\/\/educatennis.com\/rafanadalacademycamps\/en\/#organization\",\"name\":\"Educatennis\",\"url\":\"https:\/\/educatennis.com\/rafanadalacademycamps\/en\/\",\"sameAs\":[\"https:\/\/www.facebook.com\/educatennis\",\"https:\/\/www.instagram.com\/educatennis\",\"https:\/\/www.youtube.com\/channel\/UCMVUY-lze1xyVPmFZsbdvyw\"],\"logo\":{\"@type\":\"ImageObject\",\"@id\":\"https:\/\/educatennis.com\/rafanadalacademycamps\/en\/#logo\",\"inLanguage\":\"es\",\"url\":\"https:\/\/educatennis.com\/wp-content\/uploads\/2020\/05\/WPC_-Negativa-color-RGB-1.jpg\",\"contentUrl\":\"https:\/\/educatennis.com\/wp-content\/uploads\/2020\/05\/WPC_-Negativa-color-RGB-1.jpg\",\"width\":169,\"height\":60,\"caption\":\"Educatennis\"},\"image\":{\"@id\":\"https:\/\/educatennis.com\/rafanadalacademycamps\/en\/#logo\"}},{\"@type\":\"WebSite\",\"@id\":\"https:\/\/educatennis.com\/rafanadalacademycamps\/en\/#website\",\"url\":\"https:\/\/educatennis.com\/rafanadalacademycamps\/en\/\",\"name\":\"Educatennis\",\"description\":\"Educatennis\",\"publisher\":{\"@id\":\"https:\/\/educatennis.com\/rafanadalacademycamps\/en\/#organization\"},\"potentialAction\":[{\"@type\":\"SearchAction\",\"target\":{\"@type\":\"EntryPoint\",\"urlTemplate\":\"https:\/\/educatennis.com\/rafanadalacademycamps\/en\/?s={search_term_string}\"},\"query-input\":\"required name=search_term_string\"}],\"inLanguage\":\"es\"},{\"@type\":\"WebPage\",\"@id\":\"https:\/\/educatennis.com\/rafanadalacademycamps\/educa-en-el-mundo\/#webpage\",\"url\":\"https:\/\/educatennis.com\/rafanadalacademycamps\/educa-en-el-mundo\/\",\"name\":\"Educa en el mundo - Educatennis\",\"isPartOf\":{\"@id\":\"https:\/\/educatennis.com\/rafanadalacademycamps\/en\/#website\"},\"datePublished\":\"2020-09-08T21:32:55+00:00\",\"dateModified\":\"2021-01-23T18:28:23+00:00\",\"breadcrumb\":{\"@id\":\"https:\/\/educatennis.com\/rafanadalacademycamps\/educa-en-el-mundo\/#breadcrumb\"},\"inLanguage\":\"es\",\"potentialAction\":[{\"@type\":\"ReadAction\",\"target\":[\"https:\/\/educatennis.com\/rafanadalacademycamps\/educa-en-el-mundo\/\"]}]},{\"@type\":\"BreadcrumbList\",\"@id\":\"https:\/\/educatennis.com\/rafanadalacademycamps\/educa-en-el-mundo\/#breadcrumb\",\"itemListElement\":[{\"@type\":\"ListItem\",\"position\":1,\"name\":\"Portada\",\"item\":\"https:\/\/educatennis.com\/rafanadalacademycamps\/\"},{\"@type\":\"ListItem\",\"position\":2,\"name\":\"Educa en el mundo\"}]}]}<\/script>\n<!-- \/ Yoast SEO plugin. -->","yoast_head_json":{"title":"Educa en el mundo - Educatennis","robots":{"index":"index","follow":"follow","max-snippet":"max-snippet:-1","max-image-preview":"max-image-preview:large","max-video-preview":"max-video-preview:-1"},"canonical":"https:\/\/educatennis.com\/rafanadalacademycamps\/educa-en-el-mundo\/","og_locale":"es_ES","og_type":"article","og_title":"Educa en el mundo - Educatennis","og_description":"[vc_row full_width=\u00bbstretch_row_content_no_spaces\u00bb gap=\u00bb30&#8243; bg_type=\u00bbbg_color\u00bb bg_override=\u00bbfull\u00bb css=\u00bb.vc_custom_1590055832387{padding-top: 40px !important;padding-bottom: 40px !important;}\u00bb el_id=\u00bbcursos-destacados-wrapper\u00bb el_class=\u00bbtraining-bloc\u00bb][vc_column][vc_column_text] [\/vc_column_text][\/vc_column][\/vc_row][vc_row full_width=\u00bbstretch_row_content_no_spaces\u00bb bg_type=\u00bbbg_color\u00bb css=\u00bb.vc_custom_1590021285234{padding-top: 40px !important;padding-bottom: 80px !important;}\u00bb bg_color_value=\u00bb#4c4c4c\u00bb][vc_column][vc_column_text el_class=\u00bbmax-width-limited-body\u00bb] \u00abLife is like [&hellip;]","og_url":"https:\/\/educatennis.com\/rafanadalacademycamps\/educa-en-el-mundo\/","og_site_name":"Educatennis","article_publisher":"https:\/\/www.facebook.com\/educatennis","article_modified_time":"2021-01-23T18:28:23+00:00","twitter_card":"summary_large_image","twitter_misc":{"Tiempo de lectura":"3 minutos"},"schema":{"@context":"https:\/\/schema.org","@graph":[{"@type":"Organization","@id":"https:\/\/educatennis.com\/rafanadalacademycamps\/en\/#organization","name":"Educatennis","url":"https:\/\/educatennis.com\/rafanadalacademycamps\/en\/","sameAs":["https:\/\/www.facebook.com\/educatennis","https:\/\/www.instagram.com\/educatennis","https:\/\/www.youtube.com\/channel\/UCMVUY-lze1xyVPmFZsbdvyw"],"logo":{"@type":"ImageObject","@id":"https:\/\/educatennis.com\/rafanadalacademycamps\/en\/#logo","inLanguage":"es","url":"https:\/\/educatennis.com\/wp-content\/uploads\/2020\/05\/WPC_-Negativa-color-RGB-1.jpg","contentUrl":"https:\/\/educatennis.com\/wp-content\/uploads\/2020\/05\/WPC_-Negativa-color-RGB-1.jpg","width":169,"height":60,"caption":"Educatennis"},"image":{"@id":"https:\/\/educatennis.com\/rafanadalacademycamps\/en\/#logo"}},{"@type":"WebSite","@id":"https:\/\/educatennis.com\/rafanadalacademycamps\/en\/#website","url":"https:\/\/educatennis.com\/rafanadalacademycamps\/en\/","name":"Educatennis","description":"Educatennis","publisher":{"@id":"https:\/\/educatennis.com\/rafanadalacademycamps\/en\/#organization"},"potentialAction":[{"@type":"SearchAction","target":{"@type":"EntryPoint","urlTemplate":"https:\/\/educatennis.com\/rafanadalacademycamps\/en\/?s={search_term_string}"},"query-input":"required name=search_term_string"}],"inLanguage":"es"},{"@type":"WebPage","@id":"https:\/\/educatennis.com\/rafanadalacademycamps\/educa-en-el-mundo\/#webpage","url":"https:\/\/educatennis.com\/rafanadalacademycamps\/educa-en-el-mundo\/","name":"Educa en el mundo - Educatennis","isPartOf":{"@id":"https:\/\/educatennis.com\/rafanadalacademycamps\/en\/#website"},"datePublished":"2020-09-08T21:32:55+00:00","dateModified":"2021-01-23T18:28:23+00:00","breadcrumb":{"@id":"https:\/\/educatennis.com\/rafanadalacademycamps\/educa-en-el-mundo\/#breadcrumb"},"inLanguage":"es","potentialAction":[{"@type":"ReadAction","target":["https:\/\/educatennis.com\/rafanadalacademycamps\/educa-en-el-mundo\/"]}]},{"@type":"BreadcrumbList","@id":"https:\/\/educatennis.com\/rafanadalacademycamps\/educa-en-el-mundo\/#breadcrumb","itemListElement":[{"@type":"ListItem","position":1,"name":"Portada","item":"https:\/\/educatennis.com\/rafanadalacademycamps\/"},{"@type":"ListItem","position":2,"name":"Educa en el mundo"}]}]}},"_links":{"self":[{"href":"https:\/\/educatennis.com\/rafanadalacademycamps\/wp-json\/wp\/v2\/pages\/29739"}],"collection":[{"href":"https:\/\/educatennis.com\/rafanadalacademycamps\/wp-json\/wp\/v2\/pages"}],"about":[{"href":"https:\/\/educatennis.com\/rafanadalacademycamps\/wp-json\/wp\/v2\/types\/page"}],"author":[{"embeddable":true,"href":"https:\/\/educatennis.com\/rafanadalacademycamps\/wp-json\/wp\/v2\/users\/6"}],"replies":[{"embeddable":true,"href":"https:\/\/educatennis.com\/rafanadalacademycamps\/wp-json\/wp\/v2\/comments?post=29739"}],"version-history":[{"count":2,"href":"https:\/\/educatennis.com\/rafanadalacademycamps\/wp-json\/wp\/v2\/pages\/29739\/revisions"}],"predecessor-version":[{"id":31013,"href":"https:\/\/educatennis.com\/rafanadalacademycamps\/wp-json\/wp\/v2\/pages\/29739\/revisions\/31013"}],"wp:attachment":[{"href":"https:\/\/educatennis.com\/rafanadalacademycamps\/wp-json\/wp\/v2\/media?parent=29739"}],"curies":[{"name":"wp","href":"https:\/\/api.w.org\/{rel}","templated":true}]}}