{"id":14352,"date":"2020-03-24T14:30:34","date_gmt":"2020-03-24T13:30:34","guid":{"rendered":"https:\/\/educatennis.com\/?page_id=14352"},"modified":"2021-08-07T19:09:59","modified_gmt":"2021-08-07T17:09:59","slug":"home-educatennis-v-iv-english-copia-de-proves-home-2","status":"publish","type":"page","link":"https:\/\/educatennis.com\/rafanadalacademycamps\/en\/","title":{"rendered":"Rafa Nadal Academy Camps"},"content":{"rendered":"<p>[vc_row full_width=&#8221;stretch_row&#8221; equal_height=&#8221;yes&#8221; content_placement=&#8221;top&#8221; bg_type=&#8221;bg_color&#8221; css=&#8221;.vc_custom_1628156824731{padding-top: 0px !important;padding-right: 0px !important;padding-bottom: 0px !important;padding-left: 0px !important;background-color: #123b70 !important;background-position: 0 0 !important;background-repeat: no-repeat !important;}&#8221; bg_color_value=&#8221;#123B70&#8243; el_id=&#8221;rnac-header&#8221; el_class=&#8221;header2&#8243;][vc_column width=&#8221;1\/3&#8243; css=&#8221;.vc_custom_1554881074430{margin-top: 0px !important;margin-bottom: 0px !important;padding-top: 0px !important;padding-bottom: 0px !important;}&#8221;][vc_single_image image=&#8221;32768&#8243; img_size=&#8221;&#8221; onclick=&#8221;custom_link&#8221; link=&#8221;https:\/\/educatennis.com\/rafanadalacademycamps\/en\/&#8221; css=&#8221;.vc_custom_1628355989015{padding-top: 20px !important;padding-bottom: 20px !important;}&#8221;][\/vc_column][vc_column width=&#8221;1\/3&#8243;][\/vc_column][vc_column width=&#8221;1\/3&#8243;][\/vc_column][\/vc_row][vc_row][vc_column][vc_empty_space height=&#8221;64px&#8221;][\/vc_column][\/vc_row][vc_row][vc_column][vc_column_text]<\/p>\n<h2 style=\"text-align: center;\"><strong>UPCOMING CAMPS<\/strong><\/h2>\n<p>[\/vc_column_text][vc_empty_space][vc_column_text]<\/p>\n<h3 style=\"text-align: center;\"><strong>MEXICO CITY<\/strong><\/h3>\n<p>[\/vc_column_text][vc_empty_space][\/vc_column][\/vc_row][vc_row][vc_column width=&#8221;1\/3&#8243;][vc_single_image image=&#8221;32771&#8243; img_size=&#8221;medium&#8221; alignment=&#8221;center&#8221;][vc_empty_space height=&#8221;10px&#8221;][vc_column_text]<\/p>\n<div class=\"et_pb_module et_pb_text et_pb_text_7 et_pb_text_align_left et_pb_bg_layout_light\">\n<div class=\"et_pb_text_inner\">\n<div class=\"et_pb_module et_pb_text et_pb_text_7 et_pb_text_align_left et_pb_bg_layout_light\">\n<div class=\"et_pb_text_inner\">\n<h4 style=\"text-align: center;\"><strong>Club Irland\u00e9s de Raqueta SA DE CV<\/strong><\/h4>\n<p>&nbsp;<\/p>\n<\/div>\n<\/div>\n<div class=\"et_pb_module et_pb_text et_pb_text_8 et_pb_text_align_center et_pb_bg_layout_light\" style=\"text-align: center;\">\n<div class=\"et_pb_text_inner\">\n<p><a href=\"https:\/\/www.google.com\/maps\/place\/Paseo+de+la+Herradura+309,+Galardon,+52786+Naucalpan+de+Ju%C3%A1rez,+M%C3%A9x.,+M%C3%A9xico\/@19.4076451,-99.2703962,857m\/data=!3m2!1e3!4b1!4m5!3m4!1s0x85d20148bcd72e3f:0xe72e1db60e9db2a5!8m2!3d19.4076451!4d-99.2682075\">Paseo de la Herradura 309, Parques de la Herradura, 52786 Naucalpan de Ju\u00e1rez, M\u00e9xico<\/a><\/p>\n<p>&nbsp;<\/p>\n<\/div>\n<\/div>\n<div class=\"et_pb_module et_pb_text et_pb_text_9 et_pb_text_align_center et_pb_bg_layout_light\">\n<div class=\"et_pb_text_inner\" style=\"text-align: center;\">Nov. 15th \u2013 20th, 2021<\/div>\n<\/div>\n<\/div>\n<\/div>\n<p>[\/vc_column_text][\/vc_column][vc_column width=&#8221;1\/3&#8243;][vc_single_image image=&#8221;32773&#8243; img_size=&#8221;medium&#8221; alignment=&#8221;center&#8221;][vc_empty_space height=&#8221;10px&#8221;][vc_column_text]<\/p>\n<div class=\"et_pb_module et_pb_text et_pb_text_10 et_pb_text_align_left et_pb_bg_layout_light\">\n<div class=\"et_pb_text_inner\">\n<div class=\"et_pb_module et_pb_text et_pb_text_10 et_pb_text_align_left et_pb_bg_layout_light\">\n<div class=\"et_pb_text_inner\">\n<h4 style=\"text-align: center;\"><strong>Club France<\/strong><\/h4>\n<p>&nbsp;<\/p>\n<\/div>\n<\/div>\n<div class=\"et_pb_module et_pb_text et_pb_text_11 et_pb_text_align_center et_pb_bg_layout_light\" style=\"text-align: center;\">\n<div class=\"et_pb_text_inner\">\n<p><a href=\"https:\/\/www.google.com\/maps\/place\/Av.+Insurgentes+Sur+1743,+Guadalupe+Inn,+%C3%81lvaro+Obreg%C3%B3n,+01020+Ciudad+de+M%C3%A9xico,+CDMX,+M%C3%A9xico\/@19.3590831,-99.1861794,858m\/data=!3m2!1e3!4b1!4m5!3m4!1s0x85d1fff35c71edb3:0xa64c40ab59a745a7!8m2!3d19.3590831!4d-99.1839907\">Insurgentes Sur 1743, Guadalupe Inn, \u00c1lvaro Obreg\u00f3n, 01020 Ciudad de M\u00e9xico, CDMX, M\u00e9xico<\/a><\/p>\n<p>&nbsp;<\/p>\n<\/div>\n<\/div>\n<div class=\"et_pb_module et_pb_text et_pb_text_12 et_pb_text_align_center et_pb_bg_layout_light\">\n<div class=\"et_pb_text_inner\" style=\"text-align: center;\">Nov. 22nd \u2013 27th, 2021<\/div>\n<\/div>\n<\/div>\n<\/div>\n<p>[\/vc_column_text][\/vc_column][vc_column width=&#8221;1\/3&#8243;][vc_single_image image=&#8221;32775&#8243; img_size=&#8221;medium&#8221; alignment=&#8221;center&#8221;][vc_empty_space height=&#8221;10px&#8221;][vc_column_text]<\/p>\n<div class=\"et_pb_module et_pb_text et_pb_text_13 et_pb_text_align_left et_pb_bg_layout_light\">\n<div class=\"et_pb_text_inner\">\n<div class=\"et_pb_module et_pb_text et_pb_text_13 et_pb_text_align_left et_pb_bg_layout_light\">\n<div class=\"et_pb_text_inner\">\n<h4 style=\"text-align: center;\"><strong>Centro Asturiano A C<\/strong><\/h4>\n<p>&nbsp;<\/p>\n<\/div>\n<\/div>\n<div class=\"et_pb_module et_pb_text et_pb_text_14 et_pb_text_align_center et_pb_bg_layout_light\" style=\"text-align: center;\">\n<div class=\"et_pb_text_inner\">\n<p><a href=\"https:\/\/www.google.com\/maps\/place\/C%C3%A1liz+118,+El+Reloj,+Coyoac%C3%A1n,+04620+Ciudad+de+M%C3%A9xico,+CDMX,+M%C3%A9xico\/@19.31871,-99.1460216,17z\/data=!3m1!4b1!4m5!3m4!1s0x85ce01cb0c4f78d9:0x6a422c032d47591!8m2!3d19.31871!4d-99.1438329\">C\u00e1liz 118, El Reloj, Coyoac\u00e1n, 04640 Coyoac\u00e1n, CDMX, M\u00e9xico<\/a><\/p>\n<p>&nbsp;<\/p>\n<\/div>\n<\/div>\n<div class=\"et_pb_module et_pb_text et_pb_text_15 et_pb_text_align_center et_pb_bg_layout_light\">\n<div class=\"et_pb_text_inner\" style=\"text-align: center;\">Nov. 29th &#8211; Dic. 4th, 2021<\/div>\n<\/div>\n<\/div>\n<\/div>\n<p>[\/vc_column_text][\/vc_column][\/vc_row][vc_row][vc_column][vc_empty_space height=&#8221;64px&#8221;][\/vc_column][\/vc_row][vc_row][vc_column width=&#8221;1\/2&#8243;][vc_column_text]<\/p>\n<h2><\/h2>\n<h2><strong>RAFA NADAL ACADEMY CAMP<\/strong><\/h2>\n<div class=\"et_pb_column et_pb_column_1_2 et_pb_column_0 et_pb_css_mix_blend_mode_passthrough\">\n<div class=\"et_pb_module et_pb_text et_pb_text_1 et_pb_text_align_left et_pb_bg_layout_light\">\n<div class=\"et_pb_text_inner\">\n<p>The RAFA NADAL ACADEMY camp brings the tennis methodology and training used at the highly successful official Rafa Nadal Academy in Mallorca, Spain. This is the first time the same high-quality tennis training camps for juniors and adults are available in select markets in the United States.<\/p>\n<p>The camps are conducted by coaches from the Rafa Nadal Academy led by Toni Nadal, and closely follow the exclusive training methodology developed through the many years of experience that Rafa Nadal and his team have gathered on the ATP circuit. Players will be grouped by level and follow the same on and off court training, drills and values that are instilled at the academy in Spain. The camp is carefully designed to appeal to a range of players and offers a total tennis experience not available anywhere else.<\/p>\n<p>We invite you to join us this summer and discover top tennis training closer to home. Improve your skills, sharpen your game intelligence and have fun with other players from your area.<\/p>\n<\/div>\n<\/div>\n<\/div>\n<p>[\/vc_column_text][\/vc_column][vc_column width=&#8221;1\/2&#8243;][vc_single_image image=&#8221;32443&#8243; img_size=&#8221;large&#8221;][\/vc_column][\/vc_row][vc_row][vc_column][vc_empty_space height=&#8221;64px&#8221;][\/vc_column][\/vc_row][vc_row][vc_column width=&#8221;1\/2&#8243;][vc_single_image image=&#8221;32439&#8243; img_size=&#8221;large&#8221;][\/vc_column][vc_column width=&#8221;1\/2&#8243;][vc_column_text]<\/p>\n<h2><\/h2>\n<h2><strong>JUNIOR TENNIS CAMP<\/strong><\/h2>\n<p>Youth players from 8 to 18 train with the official Rafa Nadal Academy training staff to improve their game and maximize their potential through the Rafa Nadal Methodology. Players also learn about the positive values Rafa transmits both on and off the court, setting an example for not just players, but for entire communities.<\/p>\n<p>The 6-day camp consists of training with unique access to the Academy\u2019s training philosophy. Players will experience how to play modern &amp; creative tennis \u2013 an attractive, technically\/tactically-skilled, forward-playing game. Our camps are open to a range of skill levels and you can specify your level of play in our registration form so that we can plan and group players accordingly.<\/p>\n<p>Please note that during the first training session players may be moved around by the Rafa Nadal Academy Head Coach based on level and\/or the group distribution requirements. Beginners are welcome to register in our private lessons (for more information please contact us\u2026).<\/p>\n<a href='https:\/\/educatennis.com\/rafanadalacademycamps.com\/juniors\/' target='_self'  class='dt-sc-button   small  ' >LEARN MORE<\/a>[\/vc_column_text][\/vc_column][\/vc_row][vc_row][vc_column][vc_empty_space height=&#8221;64px&#8221;][\/vc_column][\/vc_row][vc_row][vc_column width=&#8221;1\/2&#8243;][vc_column_text]<\/p>\n<h2><\/h2>\n<h2><strong>ADULT TENNIS CAMP<\/strong><\/h2>\n<p>The adult camps are designed to help players excel in their game and in their league, tournaments, as well as in club competitions. Players train with Rafa Nadal\u2019s official training staff using Rafa Nadal methodology. During the camps, players train 1.5 hours per day (3 total hours) with a focus on technique, tactics, mindset, and performance.<\/p>\n<p>&nbsp;<\/p>\n<p>The training goes from improving minor aspects of the game to focus on strategic play and competing at a championship level. Our camps are open to a range of skill levels and you can specify your level of play in our registration form so that we can plan and group players accordingly. Please note that during the first training session players may be moved around by the Rafa Nadal Academy Head Coach based on level and\/or the group distribution requirements. Beginners are welcome to register in our private lessons (for more information please contact us\u2026).<\/p>\n<a href='https:\/\/educatennis.com\/rafanadalacademycamps.com\/adults\/' target='_self'  class='dt-sc-button   small  ' >LEARN MORE<\/a>[\/vc_column_text][\/vc_column][vc_column width=&#8221;1\/2&#8243;][vc_single_image image=&#8221;32441&#8243; img_size=&#8221;large&#8221;][\/vc_column][\/vc_row][vc_row][vc_column][vc_empty_space height=&#8221;48px&#8221;][vc_single_image image=&#8221;32620&#8243; img_size=&#8221;full&#8221; alignment=&#8221;center&#8221;][vc_empty_space height=&#8221;48px&#8221;][vc_separator color=&#8221;custom&#8221; border_width=&#8221;2&#8243; accent_color=&#8221;#d0d0d0&#8243;][vc_empty_space][\/vc_column][\/vc_row][vc_row][vc_column width=&#8221;1\/2&#8243;][vc_single_image image=&#8221;32445&#8243; img_size=&#8221;large&#8221;][\/vc_column][vc_column width=&#8221;1\/2&#8243;]<div role=\"form\" class=\"wpcf7\" id=\"wpcf7-f6-o1\" lang=\"en-US\" dir=\"ltr\">\n<div class=\"screen-reader-response\"><p role=\"status\" aria-live=\"polite\" aria-atomic=\"true\"><\/p> <ul><\/ul><\/div>\n<form action=\"\/rafanadalacademycamps\/en\/wp-json\/wp\/v2\/pages\/14352#wpcf7-f6-o1\" method=\"post\" class=\"wpcf7-form init\" novalidate=\"novalidate\" data-status=\"init\">\n<div style=\"display: none;\">\n<input type=\"hidden\" name=\"_wpcf7\" value=\"6\" \/>\n<input type=\"hidden\" name=\"_wpcf7_version\" value=\"5.5.2\" \/>\n<input type=\"hidden\" name=\"_wpcf7_locale\" value=\"en_US\" \/>\n<input type=\"hidden\" name=\"_wpcf7_unit_tag\" value=\"wpcf7-f6-o1\" \/>\n<input type=\"hidden\" name=\"_wpcf7_container_post\" value=\"0\" \/>\n<input type=\"hidden\" name=\"_wpcf7_posted_data_hash\" value=\"\" \/>\n<\/div>\n<div id=\"contact-form\">\n<p><span class=\"fa fa-user\"><\/span> <span class=\"wpcf7-form-control-wrap your-name\"><input type=\"text\" name=\"your-name\" value=\"\" size=\"40\" class=\"wpcf7-form-control wpcf7-text wpcf7-validates-as-required\" aria-required=\"true\" aria-invalid=\"false\" placeholder=\"Name &amp; last name\" \/><\/span> <\/p>\n<p><span class=\"fa fa-envelope-o\"> <\/span> <span class=\"wpcf7-form-control-wrap your-email\"><input type=\"text\" name=\"your-email\" value=\"\" size=\"40\" class=\"wpcf7-form-control wpcf7-text wpcf7-validates-as-required\" aria-required=\"true\" aria-invalid=\"false\" placeholder=\"Your email\" \/><\/span> <\/p>\n<p><span class=\"fa fa-file-text-o\"> <\/span><span class=\"wpcf7-form-control-wrap your-subject\"><input type=\"text\" name=\"your-subject\" value=\"\" size=\"40\" class=\"wpcf7-form-control wpcf7-text wpcf7-validates-as-required\" aria-required=\"true\" aria-invalid=\"false\" placeholder=\"Your subject\" \/><\/span> <\/label><\/p>\n<p class=\"textarea-field\"><span class=\"fa fa-file-text-o\"> <\/span><span class=\"wpcf7-form-control-wrap your-message\"><textarea name=\"your-message\" cols=\"40\" rows=\"10\" class=\"wpcf7-form-control wpcf7-textarea wpcf7-validates-as-required\" aria-required=\"true\" aria-invalid=\"false\" placeholder=\"Your message\"><\/textarea><\/span><\/p>\n<p><label><br \/>\n<span class=\"wpcf7-form-control-wrap proteccion-datos\"><span class=\"wpcf7-form-control wpcf7-acceptance\"><span class=\"wpcf7-list-item\"><label><input type=\"checkbox\" name=\"proteccion-datos\" value=\"1\" aria-invalid=\"false\" \/><span class=\"wpcf7-list-item-label\">I have read and I accept the <a class=\"privacy-link\" href=\"https:\/\/educatennis.com\/privacy-policy-2\/\">data protection policy<\/a>.<\/span><\/label><\/span><\/span><\/span><br \/>\n<\/label><\/p>\n<p><label><br \/>\n<span class=\"wpcf7-form-control-wrap archivar-datos\"><span class=\"wpcf7-form-control wpcf7-acceptance\"><span class=\"wpcf7-list-item\"><label><input type=\"checkbox\" name=\"archivar-datos\" value=\"1\" aria-invalid=\"false\" \/><span class=\"wpcf7-list-item-label\">I authorize to send me commercial information about to this form.<\/span><\/label><\/span><\/span><\/span><br \/>\n<\/label><\/p>\n<p class=\"submit\"><input type=\"submit\" value=\"Contact us\" class=\"wpcf7-form-control has-spinner wpcf7-submit\" \/><\/p>\n<\/div>\n<div class=\"inv-recaptcha-holder\"><\/div><div class=\"wpcf7-response-output\" aria-hidden=\"true\"><\/div><\/form><\/div>[\/vc_column][\/vc_row][vc_row][vc_column][vc_empty_space][vc_separator color=&#8221;custom&#8221; accent_color=&#8221;#d0d0d0&#8243;][vc_empty_space][\/vc_column][\/vc_row][vc_row][vc_column][vc_column_text]<\/p>\n<div class=\"et_pb_module et_pb_text et_pb_text_1_tb_footer et_pb_text_align_center et_pb_bg_layout_light\">\n<h3 class=\"et_pb_text_inner\" style=\"text-align: center;\">\u201cWork hard, have fun and make it happen\u201d<\/h3>\n<\/div>\n<div class=\"et_pb_module et_pb_text et_pb_text_2_tb_footer et_pb_text_align_center et_pb_bg_layout_light\">\n<h4 class=\"et_pb_text_inner\" style=\"text-align: center;\"><strong>\u2013 Rafa Nadal<\/strong><\/h4>\n<\/div>\n<p>[\/vc_column_text][\/vc_column][\/vc_row]<\/p>\n","protected":false},"excerpt":{"rendered":"<p>[vc_row full_width=&#8221;stretch_row&#8221; equal_height=&#8221;yes&#8221; content_placement=&#8221;top&#8221; bg_type=&#8221;bg_color&#8221; css=&#8221;.vc_custom_1628156824731{padding-top: 0px !important;padding-right: 0px !important;padding-bottom: 0px !important;padding-left: 0px !important;background-color: #123b70 !important;background-position: 0 0 !important;background-repeat: no-repeat !important;}&#8221; bg_color_value=&#8221;#123B70&#8243; el_id=&#8221;rnac-header&#8221; el_class=&#8221;header2&#8243;][vc_column width=&#8221;1\/3&#8243; [&hellip;]<\/p>\n","protected":false},"author":6,"featured_media":0,"parent":0,"menu_order":0,"comment_status":"closed","ping_status":"closed","template":"","meta":[],"acf":[],"yoast_head":"<!-- This site is optimized with the Yoast SEO plugin v17.6 - https:\/\/yoast.com\/wordpress\/plugins\/seo\/ -->\n<title>Rafa Nadal Academy Camps - Educatennis<\/title>\n<meta name=\"robots\" content=\"index, follow, max-snippet:-1, max-image-preview:large, max-video-preview:-1\" \/>\n<link rel=\"canonical\" href=\"https:\/\/educatennis.com\/rafanadalacademycamps\/en\/\" \/>\n<meta property=\"og:locale\" content=\"en_US\" \/>\n<meta property=\"og:type\" content=\"article\" \/>\n<meta property=\"og:title\" content=\"Rafa Nadal Academy Camps - Educatennis\" \/>\n<meta property=\"og:description\" content=\"[vc_row full_width=&#8221;stretch_row&#8221; equal_height=&#8221;yes&#8221; content_placement=&#8221;top&#8221; bg_type=&#8221;bg_color&#8221; css=&#8221;.vc_custom_1628156824731{padding-top: 0px !important;padding-right: 0px !important;padding-bottom: 0px !important;padding-left: 0px !important;background-color: #123b70 !important;background-position: 0 0 !important;background-repeat: no-repeat !important;}&#8221; bg_color_value=&#8221;#123B70&#8243; el_id=&#8221;rnac-header&#8221; el_class=&#8221;header2&#8243;][vc_column width=&#8221;1\/3&#8243; [&hellip;]\" \/>\n<meta property=\"og:url\" content=\"https:\/\/educatennis.com\/rafanadalacademycamps\/en\/\" \/>\n<meta property=\"og:site_name\" content=\"Educatennis\" \/>\n<meta property=\"article:publisher\" content=\"https:\/\/www.facebook.com\/educatennis\" \/>\n<meta property=\"article:modified_time\" content=\"2021-08-07T17:09:59+00:00\" \/>\n<meta name=\"twitter:card\" content=\"summary_large_image\" \/>\n<meta name=\"twitter:label1\" content=\"Est. reading time\" \/>\n\t<meta name=\"twitter:data1\" content=\"3 minutes\" \/>\n<script type=\"application\/ld+json\" class=\"yoast-schema-graph\">{\"@context\":\"https:\/\/schema.org\",\"@graph\":[{\"@type\":\"Organization\",\"@id\":\"https:\/\/educatennis.com\/rafanadalacademycamps\/en\/#organization\",\"name\":\"Educatennis\",\"url\":\"https:\/\/educatennis.com\/rafanadalacademycamps\/en\/\",\"sameAs\":[\"https:\/\/www.facebook.com\/educatennis\",\"https:\/\/www.instagram.com\/educatennis\",\"https:\/\/www.youtube.com\/channel\/UCMVUY-lze1xyVPmFZsbdvyw\"],\"logo\":{\"@type\":\"ImageObject\",\"@id\":\"https:\/\/educatennis.com\/rafanadalacademycamps\/en\/#logo\",\"inLanguage\":\"en-US\",\"url\":\"https:\/\/educatennis.com\/wp-content\/uploads\/2020\/05\/WPC_-Negativa-color-RGB-1.jpg\",\"contentUrl\":\"https:\/\/educatennis.com\/wp-content\/uploads\/2020\/05\/WPC_-Negativa-color-RGB-1.jpg\",\"width\":169,\"height\":60,\"caption\":\"Educatennis\"},\"image\":{\"@id\":\"https:\/\/educatennis.com\/rafanadalacademycamps\/en\/#logo\"}},{\"@type\":\"WebSite\",\"@id\":\"https:\/\/educatennis.com\/rafanadalacademycamps\/en\/#website\",\"url\":\"https:\/\/educatennis.com\/rafanadalacademycamps\/en\/\",\"name\":\"Educatennis\",\"description\":\"Educatennis\",\"publisher\":{\"@id\":\"https:\/\/educatennis.com\/rafanadalacademycamps\/en\/#organization\"},\"potentialAction\":[{\"@type\":\"SearchAction\",\"target\":{\"@type\":\"EntryPoint\",\"urlTemplate\":\"https:\/\/educatennis.com\/rafanadalacademycamps\/en\/?s={search_term_string}\"},\"query-input\":\"required name=search_term_string\"}],\"inLanguage\":\"en-US\"},{\"@type\":\"WebPage\",\"@id\":\"https:\/\/educatennis.com\/rafanadalacademycamps\/en\/#webpage\",\"url\":\"https:\/\/educatennis.com\/rafanadalacademycamps\/en\/\",\"name\":\"Rafa Nadal Academy Camps - Educatennis\",\"isPartOf\":{\"@id\":\"https:\/\/educatennis.com\/rafanadalacademycamps\/en\/#website\"},\"datePublished\":\"2020-03-24T13:30:34+00:00\",\"dateModified\":\"2021-08-07T17:09:59+00:00\",\"breadcrumb\":{\"@id\":\"https:\/\/educatennis.com\/rafanadalacademycamps\/en\/#breadcrumb\"},\"inLanguage\":\"en-US\",\"potentialAction\":[{\"@type\":\"ReadAction\",\"target\":[\"https:\/\/educatennis.com\/rafanadalacademycamps\/en\/\"]}]},{\"@type\":\"BreadcrumbList\",\"@id\":\"https:\/\/educatennis.com\/rafanadalacademycamps\/en\/#breadcrumb\",\"itemListElement\":[{\"@type\":\"ListItem\",\"position\":1,\"name\":\"Portada\",\"item\":\"https:\/\/educatennis.com\/rafanadalacademycamps\/en\/\"},{\"@type\":\"ListItem\",\"position\":2,\"name\":\"Rafa Nadal Academy Camps\"}]}]}<\/script>\n<!-- \/ Yoast SEO plugin. -->","yoast_head_json":{"title":"Rafa Nadal Academy Camps - Educatennis","robots":{"index":"index","follow":"follow","max-snippet":"max-snippet:-1","max-image-preview":"max-image-preview:large","max-video-preview":"max-video-preview:-1"},"canonical":"https:\/\/educatennis.com\/rafanadalacademycamps\/en\/","og_locale":"en_US","og_type":"article","og_title":"Rafa Nadal Academy Camps - Educatennis","og_description":"[vc_row full_width=&#8221;stretch_row&#8221; equal_height=&#8221;yes&#8221; content_placement=&#8221;top&#8221; bg_type=&#8221;bg_color&#8221; css=&#8221;.vc_custom_1628156824731{padding-top: 0px !important;padding-right: 0px !important;padding-bottom: 0px !important;padding-left: 0px !important;background-color: #123b70 !important;background-position: 0 0 !important;background-repeat: no-repeat !important;}&#8221; bg_color_value=&#8221;#123B70&#8243; el_id=&#8221;rnac-header&#8221; el_class=&#8221;header2&#8243;][vc_column width=&#8221;1\/3&#8243; [&hellip;]","og_url":"https:\/\/educatennis.com\/rafanadalacademycamps\/en\/","og_site_name":"Educatennis","article_publisher":"https:\/\/www.facebook.com\/educatennis","article_modified_time":"2021-08-07T17:09:59+00:00","twitter_card":"summary_large_image","twitter_misc":{"Est. reading time":"3 minutes"},"schema":{"@context":"https:\/\/schema.org","@graph":[{"@type":"Organization","@id":"https:\/\/educatennis.com\/rafanadalacademycamps\/en\/#organization","name":"Educatennis","url":"https:\/\/educatennis.com\/rafanadalacademycamps\/en\/","sameAs":["https:\/\/www.facebook.com\/educatennis","https:\/\/www.instagram.com\/educatennis","https:\/\/www.youtube.com\/channel\/UCMVUY-lze1xyVPmFZsbdvyw"],"logo":{"@type":"ImageObject","@id":"https:\/\/educatennis.com\/rafanadalacademycamps\/en\/#logo","inLanguage":"en-US","url":"https:\/\/educatennis.com\/wp-content\/uploads\/2020\/05\/WPC_-Negativa-color-RGB-1.jpg","contentUrl":"https:\/\/educatennis.com\/wp-content\/uploads\/2020\/05\/WPC_-Negativa-color-RGB-1.jpg","width":169,"height":60,"caption":"Educatennis"},"image":{"@id":"https:\/\/educatennis.com\/rafanadalacademycamps\/en\/#logo"}},{"@type":"WebSite","@id":"https:\/\/educatennis.com\/rafanadalacademycamps\/en\/#website","url":"https:\/\/educatennis.com\/rafanadalacademycamps\/en\/","name":"Educatennis","description":"Educatennis","publisher":{"@id":"https:\/\/educatennis.com\/rafanadalacademycamps\/en\/#organization"},"potentialAction":[{"@type":"SearchAction","target":{"@type":"EntryPoint","urlTemplate":"https:\/\/educatennis.com\/rafanadalacademycamps\/en\/?s={search_term_string}"},"query-input":"required name=search_term_string"}],"inLanguage":"en-US"},{"@type":"WebPage","@id":"https:\/\/educatennis.com\/rafanadalacademycamps\/en\/#webpage","url":"https:\/\/educatennis.com\/rafanadalacademycamps\/en\/","name":"Rafa Nadal Academy Camps - Educatennis","isPartOf":{"@id":"https:\/\/educatennis.com\/rafanadalacademycamps\/en\/#website"},"datePublished":"2020-03-24T13:30:34+00:00","dateModified":"2021-08-07T17:09:59+00:00","breadcrumb":{"@id":"https:\/\/educatennis.com\/rafanadalacademycamps\/en\/#breadcrumb"},"inLanguage":"en-US","potentialAction":[{"@type":"ReadAction","target":["https:\/\/educatennis.com\/rafanadalacademycamps\/en\/"]}]},{"@type":"BreadcrumbList","@id":"https:\/\/educatennis.com\/rafanadalacademycamps\/en\/#breadcrumb","itemListElement":[{"@type":"ListItem","position":1,"name":"Portada","item":"https:\/\/educatennis.com\/rafanadalacademycamps\/en\/"},{"@type":"ListItem","position":2,"name":"Rafa Nadal Academy Camps"}]}]}},"_links":{"self":[{"href":"https:\/\/educatennis.com\/rafanadalacademycamps\/en\/wp-json\/wp\/v2\/pages\/14352"}],"collection":[{"href":"https:\/\/educatennis.com\/rafanadalacademycamps\/en\/wp-json\/wp\/v2\/pages"}],"about":[{"href":"https:\/\/educatennis.com\/rafanadalacademycamps\/en\/wp-json\/wp\/v2\/types\/page"}],"author":[{"embeddable":true,"href":"https:\/\/educatennis.com\/rafanadalacademycamps\/en\/wp-json\/wp\/v2\/users\/6"}],"replies":[{"embeddable":true,"href":"https:\/\/educatennis.com\/rafanadalacademycamps\/en\/wp-json\/wp\/v2\/comments?post=14352"}],"version-history":[{"count":5,"href":"https:\/\/educatennis.com\/rafanadalacademycamps\/en\/wp-json\/wp\/v2\/pages\/14352\/revisions"}],"predecessor-version":[{"id":29004,"href":"https:\/\/educatennis.com\/rafanadalacademycamps\/en\/wp-json\/wp\/v2\/pages\/14352\/revisions\/29004"}],"wp:attachment":[{"href":"https:\/\/educatennis.com\/rafanadalacademycamps\/en\/wp-json\/wp\/v2\/media?parent=14352"}],"curies":[{"name":"wp","href":"https:\/\/api.w.org\/{rel}","templated":true}]}}